{"id":86,"date":"2013-04-16T15:16:13","date_gmt":"2013-04-16T15:16:13","guid":{"rendered":"http:\/\/shiva.pub.ro\/new\/?page_id=86"},"modified":"2019-11-13T09:43:47","modified_gmt":"2019-11-13T09:43:47","slug":"carti","status":"publish","type":"page","link":"https:\/\/shiva.pub.ro\/en\/publicatii-ok\/carti\/","title":{"rendered":"Books"},"content":{"rendered":"<h1><strong><span style=\"font-family: arial; font-size: 12px; color: #000000;\">Mai jos sunt prezentate cele mai recente publica\u0163ii realizate \u00een cadrul laboratorului nostru:<\/span><\/strong><\/h1>\n<ol>\n<li><strong>\u201eActionari. Indrumar de laborator\u201d<\/strong><br \/>\nAutori: Ilie CATAN\u0102, Sergiu Stelian ILIESCU, Vasile CALOFIR<br \/>\nEditura Politehnica Press, Bucuresti, 2016<br \/>\nISBN 978-606-515-655-5<br \/>\nNr. pag.: 167<br \/>\n<a href=\"http:\/\/shiva.pub.ro\/new\/wp-content\/uploads\/2013\/04\/carte-actionari.gif\" rel=\"attachment wp-att-1977\"><img decoding=\"async\" loading=\"lazy\" class=\"alignnone wp-image-1977 \" src=\"http:\/\/shiva.pub.ro\/new\/wp-content\/uploads\/2013\/04\/carte-actionari.gif\" alt=\"carte actionari\" width=\"138\" height=\"196\" \/><\/a><\/li>\n<li><strong>\u201eTehnici de inteligenta artificiala folosite in managementul energiei electrice\u201d<\/strong><br \/>\nAutori: Sergiu Stelian ILIESCU, Otilia Elena DRAGOMIR<br \/>\nEditura Printech, Bucuresti, 2015<br \/>\nISBN 978-606-23-0506-2<br \/>\nNr. Pag.: 169<br \/>\n<a href=\"http:\/\/shiva.pub.ro\/new\/wp-content\/uploads\/2013\/04\/carte-tehnici-IA-2015.gif\" rel=\"attachment wp-att-1979\"><img decoding=\"async\" loading=\"lazy\" class=\"alignnone wp-image-1979 \" src=\"http:\/\/shiva.pub.ro\/new\/wp-content\/uploads\/2013\/04\/carte-tehnici-IA-2015.gif\" alt=\"carte tehnici IA 2015\" width=\"140\" height=\"190\" \/><\/a><\/li>\n<li><strong>&#8220;Sisteme neliniare si esantionate&#8221;<\/strong><br \/>\nAutori: Calin SOARE, Sergiu Stelian ILIESCU, Ioana FAGARASAN, Nicoleta ARGHIRA, Iulia DUMITRU<br \/>\nEditura ConsPress, Bucure\u015fti 2013.<br \/>\nISBN(10): 978-973-100-281-1.<br \/>\nNr. pag.: 100<br \/>\n<a href=\"http:\/\/shiva.pub.ro\/new\/wp-content\/uploads\/2013\/04\/sne.png\"><img decoding=\"async\" loading=\"lazy\" class=\"alignnone wp-image-826\" src=\"http:\/\/shiva.pub.ro\/new\/wp-content\/uploads\/2013\/04\/sne-215x300.png\" alt=\"sne\" width=\"138\" height=\"192\" srcset=\"https:\/\/shiva.pub.ro\/wp-content\/uploads\/2013\/04\/sne-215x300.png 215w, https:\/\/shiva.pub.ro\/wp-content\/uploads\/2013\/04\/sne-624x869.png 624w, https:\/\/shiva.pub.ro\/wp-content\/uploads\/2013\/04\/sne.png 651w\" sizes=\"(max-width: 138px) 100vw, 138px\" \/><\/a><\/li>\n<li><strong>\u201eAnaliza si proiectarea sistemelor de reglare automata\u201d<\/strong><br \/>\nAutori: Sergiu Stelian ILIESCU, Ioana FAGARASAN, Nicoleta ARGHIRA,\u00a0Iulia DUMITRU<br \/>\nEditura ConsPress, Bucure\u015fti 2013.<br \/>\nISBN(10): 978-973-100-271-1.<br \/>\nNr. pag.: 23<br \/>\n<a href=\"http:\/\/shiva.pub.ro\/new\/wp-content\/uploads\/2013\/04\/tra.png\"><img decoding=\"async\" loading=\"lazy\" src=\"http:\/\/shiva.pub.ro\/new\/wp-content\/uploads\/2013\/04\/tra-212x300.png\" alt=\"tra\" width=\"127\" height=\"180\" \/><\/a><\/li>\n<li><strong>\u201eProiectarea aplicatiilor SCADA &#8211; Studii de caz\u201d<\/strong><br \/>\nAutori: Daniela HOSSU, Ioana FAGARASAN, Andrei HOSSU<br \/>\nEditura Printech, Bucure\u015fti 2013.<br \/>\nISBN(10): 978-606-521-973-1.<br \/>\nNr. pag.: 114<br \/>\n<a href=\"http:\/\/shiva.pub.ro\/new\/wp-content\/uploads\/2013\/04\/scada-1.png\"><img decoding=\"async\" loading=\"lazy\" src=\"http:\/\/shiva.pub.ro\/new\/wp-content\/uploads\/2013\/04\/scada-1-207x300.png\" alt=\"scada 1\" width=\"124\" height=\"180\" \/><\/a><\/li>\n<li><strong>\u201eModelarea si simularea retelelor de joasa tensiune cu producere din surse distribuite de energie \u201d<\/strong><br \/>\nAutori: Florin DRAGOMIR, Sergiu Stelian ILIESCU<br \/>\nEditura Matrix Rom, Bucuresti, 2013<br \/>\nISBN 978-606-25-0036-8<br \/>\nNr. Pag.: 207<br \/>\n<a href=\"http:\/\/shiva.pub.ro\/new\/wp-content\/uploads\/2013\/04\/carte-modelare-2013.gif\" rel=\"attachment wp-att-1978\"><img decoding=\"async\" loading=\"lazy\" class=\"alignnone wp-image-1978 \" src=\"http:\/\/shiva.pub.ro\/new\/wp-content\/uploads\/2013\/04\/carte-modelare-2013.gif\" alt=\"carte modelare 2013\" width=\"118\" height=\"187\" \/><\/a><\/li>\n<li><strong>\u201eGhid practic de proiectare si implementare a aplicatiilor SCADA\u201d<\/strong><br \/>\nAutori:\u00a0Daniela HOSSU, Ioana FAGARASAN, Iulia DUMITRU, Nicoleta ARGHIRA, Sergiu Stelian ILIESCU<br \/>\nEditura ConsPress, Bucure\u015fti 2013.<br \/>\nISBN(10): 978-973-100-275-0.<br \/>\nNr. pag.: 120<br \/>\n<a href=\"http:\/\/shiva.pub.ro\/new\/wp-content\/uploads\/2013\/04\/scada-2.png\"><img decoding=\"async\" loading=\"lazy\" src=\"http:\/\/shiva.pub.ro\/new\/wp-content\/uploads\/2013\/04\/scada-2-213x300.png\" alt=\"scada 2\" width=\"128\" height=\"180\" \/><\/a><\/li>\n<li><strong>\u201eActionari electrice si electronice ale motorului electric\u201d<\/strong><br \/>\nAutori:\u00a0Ioana FAGARASAN, Grigore STAMATESCU, Iulia DUMITRU, Nicoleta ARGHIRA et al<br \/>\nEditura ConsPress, Bucure\u015fti 2012.<br \/>\nISBN(10): 978-973-100-224-8.<br \/>\nNr. pag.: 88<br \/>\n<a href=\"http:\/\/shiva.pub.ro\/new\/wp-content\/uploads\/2013\/04\/act.png\"><img decoding=\"async\" loading=\"lazy\" src=\"http:\/\/shiva.pub.ro\/new\/wp-content\/uploads\/2013\/04\/act-211x300.png\" alt=\"act\" width=\"118\" height=\"168\" \/><\/a><\/li>\n<li><span style=\"line-height: 14px;\"><span style=\"line-height: 14px;\"><strong>\u00a0\u201eAutomatizari. Scheme de comanda. Circuite Logice Secventiale. Panou Didactic LOGO\u201d<\/strong><br \/>\nAutori:\u00a0Ioana FAGARASAN, Grigore STAMATESCU, Iulia DUMITRU, Nicoleta ARGHIRA et al<br \/>\nEditura ConsPress, Bucure\u015fti 2012.<br \/>\nISBN(10): ISBN 978-973-100-226-2.<br \/>\nNr. pag.: 66<br \/>\n<a href=\"http:\/\/shiva.pub.ro\/new\/wp-content\/uploads\/2013\/04\/logo.png\"><img decoding=\"async\" loading=\"lazy\" class=\"alignnone wp-image-631\" src=\"http:\/\/shiva.pub.ro\/new\/wp-content\/uploads\/2013\/04\/logo-211x300.png\" alt=\"logo\" width=\"118\" height=\"168\" srcset=\"https:\/\/shiva.pub.ro\/wp-content\/uploads\/2013\/04\/logo-211x300.png 211w, https:\/\/shiva.pub.ro\/wp-content\/uploads\/2013\/04\/logo.png 429w\" sizes=\"(max-width: 118px) 100vw, 118px\" \/><\/a><\/span><\/span><\/li>\n<li><span style=\"line-height: 14px;\"><span style=\"line-height: 14px;\"><strong>\u201eProtec\u0163ii prin relee clasice si numerice\u201d<\/strong><br \/>\nAutori: Dan MIHOC, Sergiu Stelian ILIESCU, Ioana F\u0102G\u0102R\u0102\u015eAN, Oni\u0163a CALOT\u0102,<br \/>\nGeorge MATEI, Gheorghe \u0162\u0102RANU, Ovidiu STAN.<br \/>\nEditura Printech, Bucure\u015fti 2009.<br \/>\nISBN(10): 978-606-521-394-4.<br \/>\nNr. pag.: 121.<br \/>\n<a href=\"http:\/\/shiva.pub.ro\/new\/wp-content\/uploads\/2013\/04\/Prot2010.jpg\"><img decoding=\"async\" loading=\"lazy\" src=\"http:\/\/shiva.pub.ro\/new\/wp-content\/uploads\/2013\/04\/Prot2010.jpg\" alt=\"Prot2010\" width=\"100\" height=\"146\" \/><\/a><\/span><\/span><\/li>\n<li><strong>\u201eAutomatizarea sistemelor electro- \u015fi termoenergetice\u201d<\/strong><br \/>\nAutori: Dan MIHOC, Sergiu Stelian ILIESCU, Ioana F\u0102G\u0102R\u0102\u015eAN, Gheorghe \u0162\u0102RANU<br \/>\nGeorge MATEI.<br \/>\nEditura Printech, Bucure\u015fti 2008.<br \/>\nISBN(10): 978-973-718-936-3.<br \/>\nNr. pag.: 175.<br \/>\n<a href=\"http:\/\/shiva.pub.ro\/new\/wp-content\/uploads\/2013\/04\/Aset2008.jpg\"><img decoding=\"async\" loading=\"lazy\" src=\"http:\/\/shiva.pub.ro\/new\/wp-content\/uploads\/2013\/04\/Aset2008.jpg\" alt=\"Aset2008\" width=\"100\" height=\"148\" \/><br \/>\n<\/a><\/li>\n<li><strong>\u201eControlul automat al proceselor de epurare a apelor uzate\u201d<\/strong><br \/>\nAutori: Diana ROBESCU, Dan ROBESCU, Sergiu ILIESCU, Ioana F\u0102G\u0102R\u0102\u015eAN s.a.<br \/>\nEditura Tehnic\u0103, Bucure\u015fti 2008.<br \/>\nISBN(10): 978-973-31-2335-4.<br \/>\nNr. pag.: 388.<br \/>\n<a href=\"http:\/\/shiva.pub.ro\/new\/wp-content\/uploads\/2013\/04\/Ep.jpg\"><img decoding=\"async\" loading=\"lazy\" src=\"http:\/\/shiva.pub.ro\/new\/wp-content\/uploads\/2013\/04\/Ep.jpg\" alt=\"Ep\" width=\"100\" height=\"146\" \/><br \/>\n<\/a><\/li>\n<li><strong>\u201eTehnici de optimizare. Aplica\u0163ii\u201d<\/strong><br \/>\nAutori: C\u0103lin SOARE, Vlad TUDOR.<br \/>\nEditura L&amp;S Infomat, Bucure\u015fti 2007.<br \/>\nISBN(10): 978-973-7658-09-8.<br \/>\nNr. pag.: 160.<br \/>\n<a href=\"http:\/\/shiva.pub.ro\/new\/wp-content\/uploads\/2013\/04\/Opt.jpg\"><img decoding=\"async\" loading=\"lazy\" src=\"http:\/\/shiva.pub.ro\/new\/wp-content\/uploads\/2013\/04\/Opt.jpg\" alt=\"Opt\" width=\"100\" height=\"146\" \/><br \/>\n<\/a><\/li>\n<li><strong>\u201eProtec\u0163ii prin relee\u201d<\/strong><br \/>\nAutori: Dan MIHOC, Ioana F\u0102G\u0102R\u0102\u015eAN, Onita CALOTA, Gheorghe \u0162\u0102RANU,<br \/>\nGeorge MATEI.<br \/>\nEditura PRINTECH, Bucure\u015fti 2007.<br \/>\nISBN(13): 978-973-718-715-4.<br \/>\nNr. pag.: 107.<br \/>\n<a href=\"http:\/\/shiva.pub.ro\/new\/wp-content\/uploads\/2013\/05\/c1.jpg\"><img decoding=\"async\" loading=\"lazy\" src=\"http:\/\/shiva.pub.ro\/new\/wp-content\/uploads\/2013\/05\/c1.jpg\" alt=\"c1\" width=\"100\" height=\"150\" \/><\/a><\/li>\n<li><strong>\u201eConducerea \u015fi automatizarea instala\u0163iilor energetice\u201d<\/strong><br \/>\nAutori: Dan MIHOC, Sergiu Stelian ILIESCU, Ioana F\u0102G\u0102R\u0102\u015eAN, Gheorghe \u0162\u0102RANU.<br \/>\nEditura PRINTECH, Bucure\u015fti 2006.<br \/>\nISBN(13): 978-973-718-497-9.<br \/>\nISBN(10): 973-718-497-1<br \/>\nNr. pag.: 110.<br \/>\n<a href=\"http:\/\/shiva.pub.ro\/new\/wp-content\/uploads\/2013\/05\/c2.jpg\"><img decoding=\"async\" loading=\"lazy\" src=\"http:\/\/shiva.pub.ro\/new\/wp-content\/uploads\/2013\/05\/c2.jpg\" alt=\"c2\" width=\"100\" height=\"144\" \/><br \/>\n<\/a><\/li>\n<li><strong>\u201eTeoria Regl\u0103rii Automate\u201d<\/strong><br \/>\nAutor: Sergiu Stelian ILIESCU.<br \/>\nEditura Proxima, Bucure\u015fti 2006.<br \/>\nISBN(10): 973-7636-15-5.<br \/>\nNr. pag.: 198.<br \/>\n<a href=\"http:\/\/shiva.pub.ro\/new\/wp-content\/uploads\/2013\/05\/c8.jpg\"><img decoding=\"async\" loading=\"lazy\" src=\"http:\/\/shiva.pub.ro\/new\/wp-content\/uploads\/2013\/05\/c8.jpg\" alt=\"c8\" width=\"100\" height=\"150\" \/><br \/>\n<\/a><\/li>\n<li><strong>\u201eProiectarea asistat\u0103 de calculator \u00een Matlab \u015fi Simulink<br \/>\n\u2013 Conducerea avansat\u0103 a proceselor\u201d<\/strong><br \/>\nAutori: C\u0103lin SOARE, Sergiu Stelian ILIESCU, Vlad TUDOR,<br \/>\nIoana F\u0102G\u0102R\u0102\u015eAN,<br \/>\nOtilia DRAGOMIR, Florin DRAGOMIR.Editura AGIR, Bucure\u015fti 2006.<br \/>\nISBN(10): 973-720-092-6.<br \/>\nNr. pag.: 228.<br \/>\n<a href=\"http:\/\/shiva.pub.ro\/new\/wp-content\/uploads\/2013\/05\/c3.jpg\"><img decoding=\"async\" loading=\"lazy\" src=\"http:\/\/shiva.pub.ro\/new\/wp-content\/uploads\/2013\/05\/c3.jpg\" alt=\"c3\" width=\"100\" height=\"150\" \/><br \/>\n<\/a><\/li>\n<li><strong>\u201eProiectarea asistat\u0103 de calculator \u00een Matlab \u015fi Simulink<br \/>\n\u2013 Modelarea \u015fi simularea proceselor\u201d<\/strong><br \/>\nAutori: C\u0103lin SOARE, Sergiu Stelian ILIESCU, Ioana F\u0102G\u0102R\u0102\u015eAN,<br \/>\nVlad TUDOR,<br \/>\nOana FAIDA NICULESCU.Editura AGIR, Bucure\u015fti 2006.<br \/>\nISBN(10): 973-720-102-7.<br \/>\nNr. pag.: 192.<br \/>\n<a href=\"http:\/\/shiva.pub.ro\/new\/wp-content\/uploads\/2013\/05\/c4.jpg\"><img decoding=\"async\" loading=\"lazy\" src=\"http:\/\/shiva.pub.ro\/new\/wp-content\/uploads\/2013\/05\/c4.jpg\" alt=\"c4\" width=\"100\" height=\"150\" \/><br \/>\n<\/a><\/li>\n<li><strong>\u201eProiectarea asistat\u0103 de calculator \u00een Matlab \u015fi Simulink<br \/>\n\u2013 Exemple \u015fi studii de caz\u201d<\/strong> [format electronic]<br \/>\nAutori: C\u0103lin SOARE, Sergiu Stelian ILIESCU, Ioana F\u0102G\u0102R\u0102\u015eAN,<br \/>\nVlad TUDOR,<br \/>\nOana FAIDA NICULESCU.Editura AGIR, Bucure\u015fti 2006.<br \/>\nISBN(10): 973-720-103-5.<br \/>\n<a href=\"http:\/\/shiva.pub.ro\/new\/wp-content\/uploads\/2013\/05\/c9.jpg\"><img decoding=\"async\" loading=\"lazy\" src=\"http:\/\/shiva.pub.ro\/new\/wp-content\/uploads\/2013\/05\/c9.jpg\" alt=\"c9\" width=\"100\" height=\"150\" \/><br \/>\n<\/a><\/li>\n<li><strong>\u201eAnaliza de sistem \u00een informatica industrial\u0103\u201d<\/strong><br \/>\nAutori: Sergiu Stelian ILIESCU, Ioana F\u0102G\u0102R\u0102\u015eAN, Dan PUP\u0102Z\u0102.<br \/>\nEditura AGIR, Bucure\u015fti 2006.<br \/>\nISBN(10): 973-720-091-8.<br \/>\nNr. pag.: 142.<br \/>\n<a href=\"http:\/\/shiva.pub.ro\/new\/wp-content\/uploads\/2013\/05\/c5.jpg\"><img decoding=\"async\" loading=\"lazy\" src=\"http:\/\/shiva.pub.ro\/new\/wp-content\/uploads\/2013\/05\/c5.jpg\" alt=\"c5\" width=\"100\" height=\"150\" \/><br \/>\n<\/a><\/li>\n<li><strong>\u201eAutomatizarea centralelor termoelectrice\u201d<\/strong><br \/>\nAutori: Sergiu Stelian ILIESCU, Ioana F\u0102G\u0102R\u0102\u015eAN.<br \/>\nEditura Printech, Bucure\u015fti 2005.<br \/>\nISBN(10): 973-718-267-7.<br \/>\nNr. pag.: 174.<br \/>\n<a href=\"http:\/\/shiva.pub.ro\/new\/wp-content\/uploads\/2013\/05\/c6.jpg\"><img decoding=\"async\" loading=\"lazy\" src=\"http:\/\/shiva.pub.ro\/new\/wp-content\/uploads\/2013\/05\/c6.jpg\" alt=\"c6\" width=\"100\" height=\"150\" \/><br \/>\n<\/a><\/li>\n<li><strong>\u201eAnaliza \u015fi sinteza sistemelor automate. Aplica\u0163ii utiliz\u00e2nd Matlab\/Simulink\u201d<\/strong><br \/>\nAutori: Sergiu Stelian ILIESCU, C\u0103lin SOARE, Ioana F\u0102G\u0102R\u0102\u015eAN, Patricia ARSENE,<br \/>\nOana NICULESCU.<br \/>\nEditura Printech, Bucure\u015fti 2005.<br \/>\nISBN(10): 973-718-209-X.<br \/>\nNr. pag.: 108.<br \/>\n<a href=\"http:\/\/shiva.pub.ro\/new\/wp-content\/uploads\/2013\/05\/c7.jpg\"><img decoding=\"async\" loading=\"lazy\" src=\"http:\/\/shiva.pub.ro\/new\/wp-content\/uploads\/2013\/05\/c7.jpg\" alt=\"c7\" width=\"100\" height=\"150\" \/><br \/>\n<\/a><\/li>\n<li><strong>\u201eMetode de detectare a defectelor utiliz\u00e2nd modele analitice\u201d<\/strong><br \/>\nAutori: Ioana F\u0102G\u0102R\u0102\u015eAN.<br \/>\nEditura Printech, Bucure\u015fti 2004.<br \/>\nISBN(10): 973-718-144-1.<br \/>\nNr. pag.: 110.<br \/>\n<a href=\"http:\/\/shiva.pub.ro\/new\/wp-content\/uploads\/2013\/05\/c10.jpg\"><img decoding=\"async\" loading=\"lazy\" src=\"http:\/\/shiva.pub.ro\/new\/wp-content\/uploads\/2013\/05\/c10.jpg\" alt=\"c10\" width=\"100\" height=\"150\" \/><br \/>\n<\/a><\/li>\n<li><strong>\u201eRegelungtechnik I. Hilfsbl\u00e4ter\u201d<\/strong><br \/>\nAutori: Sergiu Stelian ILIESCU, Virginia Ecaterina OLTEAN<br \/>\nEditura Printech, Bucuresti, 2001<br \/>\nISBN 973-652-376-4<br \/>\nNr. pag.: 60<br \/>\n<img decoding=\"async\" loading=\"lazy\" class=\"alignnone wp-image-1973 \" src=\"http:\/\/shiva.pub.ro\/new\/wp-content\/uploads\/2013\/04\/regelungstechnik-I.gif\" alt=\"regelungstechnik I\" width=\"97\" height=\"152\" \/><\/li>\n<li><strong>\u201eRegelungtechnik I. Band 1.<\/strong><br \/>\n<strong>Liniare kontinuierliche Systeme \u2013 Modellierunng und Analyse\u201d<\/strong><br \/>\nAutori: Sergiu Stelian ILIESCU, Virginia Ecaterina OLTEAN<br \/>\nEditura Printech, Bucuresti, 2001<br \/>\nISBN 973-652-376-4<br \/>\nNr. pag.: 60<br \/>\n<a href=\"http:\/\/shiva.pub.ro\/new\/wp-content\/uploads\/2013\/04\/regelungstechnik-I.gif\" rel=\"attachment wp-att-1973\"><img decoding=\"async\" loading=\"lazy\" class=\"alignnone wp-image-1974 \" src=\"http:\/\/shiva.pub.ro\/new\/wp-content\/uploads\/2013\/04\/regelungstechnik-I-Band1.gif\" alt=\"regelungstechnik I Band1\" width=\"101\" height=\"147\" \/><\/a><\/li>\n<li><strong>\u201eTeoria regl\u0103rii automate. Aplica\u0163ii\u201d<\/strong><br \/>\nAutori: C\u0103lin SOARE, Ioana F\u0102G\u0102R\u0102\u015eAN, Patricia ARSENE, Sergiu Stelian ILIESCU.<br \/>\nEditura Printech, Bucure\u015fti 2001.<br \/>\nISBN(10): 973-652-480-9.<br \/>\nNr. pag.: 130.<br \/>\n<a href=\"http:\/\/shiva.pub.ro\/new\/wp-content\/uploads\/2013\/05\/c13.jpg\"><img decoding=\"async\" loading=\"lazy\" src=\"http:\/\/shiva.pub.ro\/new\/wp-content\/uploads\/2013\/05\/c13.jpg\" alt=\"c13\" width=\"100\" height=\"150\" \/><br \/>\n<\/a><\/li>\n<li><strong>\u201eAnaliza de sistem \u00een informatica industrial\u0103\u201d<\/strong><br \/>\nAutori: Sergiu Stelian ILIESCU, Patricia ARSENE, Ioana F\u0102G\u0102R\u0102\u015eAN, Dan PUP\u0102Z\u0102.<br \/>\nEditura Printech, Bucure\u015fti 2000.<br \/>\nISBN(10): 973-652-010-9.<br \/>\nNr. pag.: 124.<br \/>\n<a href=\"http:\/\/shiva.pub.ro\/new\/wp-content\/uploads\/2013\/05\/c12.jpg\"><img decoding=\"async\" loading=\"lazy\" src=\"http:\/\/shiva.pub.ro\/new\/wp-content\/uploads\/2013\/05\/c12.jpg\" alt=\"c12\" width=\"100\" height=\"150\" \/><\/a><\/li>\n<\/ol>\n","protected":false},"excerpt":{"rendered":"<p>Mai jos sunt prezentate cele mai recente publica\u0163ii realizate \u00een cadrul laboratorului nostru: \u201eActionari. Indrumar de laborator\u201d Autori: Ilie CATAN\u0102, Sergiu Stelian ILIESCU, Vasile CALOFIR Editura Politehnica Press, Bucuresti, 2016 ISBN 978-606-515-655-5 Nr. pag.: 167 \u201eTehnici de inteligenta artificiala folosite in managementul energiei electrice\u201d Autori: Sergiu Stelian ILIESCU, Otilia Elena DRAGOMIR Editura Printech, Bucuresti, 2015 [&hellip;]<\/p>\n","protected":false},"author":1,"featured_media":0,"parent":63,"menu_order":2,"comment_status":"closed","ping_status":"open","template":"","meta":{"jetpack_post_was_ever_published":false},"jetpack_sharing_enabled":true,"jetpack_shortlink":"https:\/\/wp.me\/P3IZHU-1o","_links":{"self":[{"href":"https:\/\/shiva.pub.ro\/en\/wp-json\/wp\/v2\/pages\/86"}],"collection":[{"href":"https:\/\/shiva.pub.ro\/en\/wp-json\/wp\/v2\/pages"}],"about":[{"href":"https:\/\/shiva.pub.ro\/en\/wp-json\/wp\/v2\/types\/page"}],"author":[{"embeddable":true,"href":"https:\/\/shiva.pub.ro\/en\/wp-json\/wp\/v2\/users\/1"}],"replies":[{"embeddable":true,"href":"https:\/\/shiva.pub.ro\/en\/wp-json\/wp\/v2\/comments?post=86"}],"version-history":[{"count":24,"href":"https:\/\/shiva.pub.ro\/en\/wp-json\/wp\/v2\/pages\/86\/revisions"}],"predecessor-version":[{"id":3937,"href":"https:\/\/shiva.pub.ro\/en\/wp-json\/wp\/v2\/pages\/86\/revisions\/3937"}],"up":[{"embeddable":true,"href":"https:\/\/shiva.pub.ro\/en\/wp-json\/wp\/v2\/pages\/63"}],"wp:attachment":[{"href":"https:\/\/shiva.pub.ro\/en\/wp-json\/wp\/v2\/media?parent=86"}],"curies":[{"name":"wp","href":"https:\/\/api.w.org\/{rel}","templated":true}]}}