{"id":519,"date":"2013-05-03T09:11:50","date_gmt":"2013-05-03T09:11:50","guid":{"rendered":"http:\/\/shiva.pub.ro\/?page_id=519"},"modified":"2018-10-10T08:37:28","modified_gmt":"2018-10-10T08:37:28","slug":"elemente-de-algebra-booleana-utilizate-in-analiza-si-sinteza-schemelor-de-comanda-a-proceselor-industriale","status":"publish","type":"page","link":"https:\/\/shiva.pub.ro\/en\/cursuri\/elemente-de-algebra-booleana-utilizate-in-analiza-si-sinteza-schemelor-de-comanda-a-proceselor-industriale\/","title":{"rendered":"(Rom\u00e2n\u0103) Elemente de algebra boolean\u0103 utilizate \u00een analiza \u015fi sinteza schemelor de comand\u0103 a proceselor industriale"},"content":{"rendered":"<p class=\"qtranxs-available-languages-message qtranxs-available-languages-message-en\">Sorry, this entry is only available in <a href=\"https:\/\/shiva.pub.ro\/ro\/wp-json\/wp\/v2\/pages\/519\" class=\"qtranxs-available-language-link qtranxs-available-language-link-ro\" title=\"Rom\u00e2n\u0103\">Romanian<\/a>.<\/p>","protected":false},"excerpt":{"rendered":"<p>Sorry, this entry is only available in Romanian.<\/p>\n","protected":false},"author":2,"featured_media":0,"parent":54,"menu_order":0,"comment_status":"closed","ping_status":"open","template":"","meta":{"jetpack_post_was_ever_published":false},"jetpack_sharing_enabled":true,"jetpack_shortlink":"https:\/\/wp.me\/P3IZHU-8n","_links":{"self":[{"href":"https:\/\/shiva.pub.ro\/en\/wp-json\/wp\/v2\/pages\/519"}],"collection":[{"href":"https:\/\/shiva.pub.ro\/en\/wp-json\/wp\/v2\/pages"}],"about":[{"href":"https:\/\/shiva.pub.ro\/en\/wp-json\/wp\/v2\/types\/page"}],"author":[{"embeddable":true,"href":"https:\/\/shiva.pub.ro\/en\/wp-json\/wp\/v2\/users\/2"}],"replies":[{"embeddable":true,"href":"https:\/\/shiva.pub.ro\/en\/wp-json\/wp\/v2\/comments?post=519"}],"version-history":[{"count":31,"href":"https:\/\/shiva.pub.ro\/en\/wp-json\/wp\/v2\/pages\/519\/revisions"}],"predecessor-version":[{"id":1360,"href":"https:\/\/shiva.pub.ro\/en\/wp-json\/wp\/v2\/pages\/519\/revisions\/1360"}],"up":[{"embeddable":true,"href":"https:\/\/shiva.pub.ro\/en\/wp-json\/wp\/v2\/pages\/54"}],"wp:attachment":[{"href":"https:\/\/shiva.pub.ro\/en\/wp-json\/wp\/v2\/media?parent=519"}],"curies":[{"name":"wp","href":"https:\/\/api.w.org\/{rel}","templated":true}]}}