{"id":510,"date":"2013-05-03T08:50:48","date_gmt":"2013-05-03T08:50:48","guid":{"rendered":"http:\/\/shiva.pub.ro\/?page_id=510"},"modified":"2020-03-12T13:30:22","modified_gmt":"2020-03-12T13:30:22","slug":"structuri-de-conducere-ierarhizata-a-proceselor-electroenergetice","status":"publish","type":"page","link":"https:\/\/shiva.pub.ro\/en\/cursuri\/structuri-de-conducere-ierarhizata-a-proceselor-electroenergetice\/","title":{"rendered":"(Rom\u00e2n\u0103) Structuri de conducere ierarhizat\u0103 a sistemelor electroenergetice"},"content":{"rendered":"<p class=\"qtranxs-available-languages-message qtranxs-available-languages-message-en\">Sorry, this entry is only available in <a href=\"https:\/\/shiva.pub.ro\/ro\/wp-json\/wp\/v2\/pages\/510\" class=\"qtranxs-available-language-link qtranxs-available-language-link-ro\" title=\"Rom\u00e2n\u0103\">Romanian<\/a>.<\/p>","protected":false},"excerpt":{"rendered":"<p>Sorry, this entry is only available in Romanian.<\/p>\n","protected":false},"author":2,"featured_media":0,"parent":54,"menu_order":0,"comment_status":"closed","ping_status":"open","template":"","meta":{"jetpack_post_was_ever_published":false},"jetpack_sharing_enabled":true,"jetpack_shortlink":"https:\/\/wp.me\/P3IZHU-8e","_links":{"self":[{"href":"https:\/\/shiva.pub.ro\/en\/wp-json\/wp\/v2\/pages\/510"}],"collection":[{"href":"https:\/\/shiva.pub.ro\/en\/wp-json\/wp\/v2\/pages"}],"about":[{"href":"https:\/\/shiva.pub.ro\/en\/wp-json\/wp\/v2\/types\/page"}],"author":[{"embeddable":true,"href":"https:\/\/shiva.pub.ro\/en\/wp-json\/wp\/v2\/users\/2"}],"replies":[{"embeddable":true,"href":"https:\/\/shiva.pub.ro\/en\/wp-json\/wp\/v2\/comments?post=510"}],"version-history":[{"count":67,"href":"https:\/\/shiva.pub.ro\/en\/wp-json\/wp\/v2\/pages\/510\/revisions"}],"predecessor-version":[{"id":4217,"href":"https:\/\/shiva.pub.ro\/en\/wp-json\/wp\/v2\/pages\/510\/revisions\/4217"}],"up":[{"embeddable":true,"href":"https:\/\/shiva.pub.ro\/en\/wp-json\/wp\/v2\/pages\/54"}],"wp:attachment":[{"href":"https:\/\/shiva.pub.ro\/en\/wp-json\/wp\/v2\/media?parent=510"}],"curies":[{"name":"wp","href":"https:\/\/api.w.org\/{rel}","templated":true}]}}