{"id":501,"date":"2013-05-03T08:36:18","date_gmt":"2013-05-03T08:36:18","guid":{"rendered":"http:\/\/shiva.pub.ro\/?page_id=501"},"modified":"2019-02-01T09:35:22","modified_gmt":"2019-02-01T09:35:22","slug":"informatizarea-proceselor-energetice","status":"publish","type":"page","link":"https:\/\/shiva.pub.ro\/en\/cursuri\/informatizarea-proceselor-energetice\/","title":{"rendered":"(Rom\u00e2n\u0103) Informatizarea Proceselor Energetice"},"content":{"rendered":"<p><\/p>\n<p><em>Obiectivele disciplinei<\/em> Disciplina \u00ee\u015fi propune s\u0103 prezinte strategiile, metodele, tehnicile \u015fi instrumentele de realizare a aplica\u021biilor \u00een domeniul energetic \u00een conexiune cu toate celelalte discipline tehnologice de automatic\u0103 \u015fi calculatoare. Sunt prezentate at\u00e2t aspectele teoretice c\u00e2t \u015fi cele practice ale implement\u0103rii sistemelor informatice. Aplica\u021biile au ca obiectiv aprofundarea cuno\u015ftin\u021belor de analiz\u0103 de sistem prin realizarea unui memoriu tehnic care s\u0103 con\u021bina principalele etape de realizare a unui produs informatic, cu aplica\u021bii pentru sisteme obiect din energetic\u0103.\u00a0No\u021biunile generale ale cursului sunt completate cu exemple practice de sisteme informatice concepute pentru conducerea \u015fi supravegherea sistemelor energetice,\u00a0cum ar fi: &#8211; Dispecerul energetic central (DEC); &#8211; Dispecerul energetic teritorial (DET); &#8211; Dispecerul energetic de hidroamenajare (DHA); &#8211; Dispecerul energetic zonal sau local de re\u021bele electrice (DEZ\/DEL); &#8211; Punctele de supraveghere \u015fi comand\u0103 a re\u021belelor de joas\u0103 tensiune (PSC); &#8211; Dispecerul energetic local de centrale electrice (DLC); &#8211; Sta\u021biile electrice; &#8211; Dispecerul de termoficare.<\/p>\n<p><em>Materiale aferente cursului<\/em><\/p>\n<ul>\n<li><a href=\"http:\/\/shiva.pub.ro\/PDF\/IPE\/Cap1_IPE_2005.pdf\">Capitolul 1:<\/a>\u00a0Considera\u021bii privind aplica\u021biile informatice.Terminologie<\/li>\n<li><a href=\"http:\/\/shiva.pub.ro\/PDF\/IPE\/Cap2_IPE_2005.pdf\">Capitolul 2:<\/a>\u00a0Principii generale de realizare a produselor informatice.<\/li>\n<li><i><\/i><a href=\"http:\/\/shiva.pub.ro\/PDF\/IPE\/Cap3_IPE_2005.pdf\">Capitolul 3:<\/a>\u00a0Tehnologia de realizare a unui produs informatic.<\/li>\n<li><a href=\"http:\/\/shiva.pub.ro\/PDF\/IPE\/Cap4_IPE_2005.pdf\">Capitolul 4:<\/a>\u00a0Cadrul tehnologic de realizare \u015fi \u00eentretinere a sistemelor informatice.<\/li>\n<li><a href=\"http:\/\/shiva.pub.ro\/PDF\/IPE\/Cap5_IPE_2005.pdf\">Capitolul 5:<\/a>\u00a0Probleme actuale ale aplica\u021biilor IMS.<\/li>\n<\/ul>\n<p><em>Materiale aferente proiectului\/laboratorului<\/em><\/p>\n<ul>\n<li><a href=\"http:\/\/shiva.pub.ro\/PDF\/IPE\/normativ.pdf\">Normativ de proiectare a sistemelor informatice pentru conducerea prin dispecer a instala\u021biilor energetice din sistemul energetic national\u00a0<\/a><\/li>\n<li><a href=\"http:\/\/shiva.pub.ro\/PDF\/IPE\/Teme_referate_2012.pdf\">Teme referate 2012<\/a><\/li>\n<li><a href=\"http:\/\/shiva.pub.ro\/PDF\/IPE\/Model_referat.doc\">Model Referat<\/a><\/li>\n<li><a href=\"http:\/\/shiva.pub.ro\/new\/wp-content\/uploads\/2013\/05\/Anexa_lab_ASSI.pdf\">Anexa laborator<\/a><\/li>\n<li><a href=\"http:\/\/shiva.pub.ro\/new\/wp-content\/uploads\/2013\/05\/L1-Aplicatia-Labview-1.pdf\">L1 &#8211; Aplicatia Labview 1<\/a><\/li>\n<li><a href=\"http:\/\/shiva.pub.ro\/new\/wp-content\/uploads\/2013\/05\/L1-LabVIEW.pdf\">L1 &#8211; LabVIEW<\/a><\/li>\n<\/ul>\n<p><\/p>","protected":false},"excerpt":{"rendered":"<p>Obiectivele disciplinei Disciplina \u00ee\u015fi propune s\u0103 prezinte strategiile, metodele, tehnicile \u015fi instrumentele de realizare a aplica\u021biilor \u00een domeniul energetic \u00een conexiune cu toate celelalte discipline tehnologice de automatic\u0103 \u015fi calculatoare. Sunt prezentate at\u00e2t aspectele teoretice c\u00e2t \u015fi cele practice ale implement\u0103rii sistemelor informatice. Aplica\u021biile au ca obiectiv aprofundarea cuno\u015ftin\u021belor de analiz\u0103 de sistem prin realizarea [&hellip;]<\/p>\n","protected":false},"author":2,"featured_media":0,"parent":54,"menu_order":0,"comment_status":"closed","ping_status":"open","template":"","meta":{"jetpack_post_was_ever_published":false},"jetpack_sharing_enabled":true,"jetpack_shortlink":"https:\/\/wp.me\/P3IZHU-85","_links":{"self":[{"href":"https:\/\/shiva.pub.ro\/en\/wp-json\/wp\/v2\/pages\/501"}],"collection":[{"href":"https:\/\/shiva.pub.ro\/en\/wp-json\/wp\/v2\/pages"}],"about":[{"href":"https:\/\/shiva.pub.ro\/en\/wp-json\/wp\/v2\/types\/page"}],"author":[{"embeddable":true,"href":"https:\/\/shiva.pub.ro\/en\/wp-json\/wp\/v2\/users\/2"}],"replies":[{"embeddable":true,"href":"https:\/\/shiva.pub.ro\/en\/wp-json\/wp\/v2\/comments?post=501"}],"version-history":[{"count":30,"href":"https:\/\/shiva.pub.ro\/en\/wp-json\/wp\/v2\/pages\/501\/revisions"}],"predecessor-version":[{"id":4100,"href":"https:\/\/shiva.pub.ro\/en\/wp-json\/wp\/v2\/pages\/501\/revisions\/4100"}],"up":[{"embeddable":true,"href":"https:\/\/shiva.pub.ro\/en\/wp-json\/wp\/v2\/pages\/54"}],"wp:attachment":[{"href":"https:\/\/shiva.pub.ro\/en\/wp-json\/wp\/v2\/media?parent=501"}],"curies":[{"name":"wp","href":"https:\/\/api.w.org\/{rel}","templated":true}]}}