{"id":4975,"date":"2022-10-26T06:33:57","date_gmt":"2022-10-26T06:33:57","guid":{"rendered":"https:\/\/shiva.pub.ro\/?page_id=4975"},"modified":"2022-10-26T12:35:50","modified_gmt":"2022-10-26T12:35:50","slug":"pocu122333-grup-tinta","status":"publish","type":"page","link":"https:\/\/shiva.pub.ro\/en\/pocu122333-grup-tinta\/","title":{"rendered":"Grup tinta  POCU122333"},"content":{"rendered":"\n<meta name=\"viewport\" content=\"width=device-width, initial-scale=1\">\n<style>\nbody {\n  margin: 0;\n  font-family: Arial, Helvetica, sans-serif;\n}\n\n.topnav {\n  overflow: hidden;\n  background-color: #333;\n}\n\n.topnav a {\n  float: left;\n  color: #f2f2f2;\n  text-align: center;\n  padding: 14px 16px;\n  text-decoration: none;\n  font-size: 14px;\n}\n\n.topnav a:hover {\n  background-color: #ddd;\n  color: black;\n}\n\n.topnav a.active {\nbackground-color: #4CAF50;\n  color: white;\n}\n<\/style>\n\n\n\n<div class=\"topnav\">\n  <a href=\"https:\/\/shiva.pub.ro\/despre-proiect-pocu122333\/\">Despre<br>proiect<\/a>  \n  <a href=\"https:\/\/shiva.pub.ro\/pocu122333upb-despre\/\">Partenerul<br> P4<\/a>\n  <a href=\"https:\/\/shiva.pub.ro\/pocu122333-obiective\/\">Obiective<br> proiect<\/a>\n  <a href=\"https:\/\/shiva.pub.ro\/pocu122333-activitati\/\">Activitati<br> eligibile<\/a>\n  <a href=\"https:\/\/shiva.pub.ro\/pocu122333-grup-tinta\/\">Grup<br> tinta<\/a>\n  <a href=\"https:\/\/shiva.pub.ro\/contact-pocu122333\/\">Contact<br>   <\/a>\n<\/div>\n\n\n\n<p><\/p>\n\n\n\n<p><small>Cod SMIS proiect: 122333<br> Ax\u0103 prioritar\u0103: 6: \u201eEduca\u021bie \u015fi competen\u0163e\u201d<br> OIR\/OI responsabil: OI POCU MEC<\/small> <\/p>\n\n\n\n<p><strong>Proiectul \u201e<strong>Oferte educa\u0163ionale noi \u015fi flexibile \u00een \u00eenv\u0103\u0163\u0103m\u00e2ntul ter\u0163iar universitar \u015fi non-universitar tehnic conforme cu cerin\u0163ele pie\u0163ei muncii \u00een schimbare<\/strong>\u201d are obiectivul principal de<\/strong>&nbsp;cresterea ratei de acces si participarii in invatamantul tertiar non-universitar, a cresterii atractivitatii ofertelor educationale din invatamantul tertiar universitar (adresandu-se in acest sens unui grup tinta de min.310 studenti) si non-universitar (adresandu-se unui grup tinta de min. de 45 cursanti provenind din grupuri vulnerabile) prin dezvoltarea si pilotarea furnizarii unui numar de 7 oferte educationale noi si\/sau redefinite, cu continut inovator, corelate cu imbunatatirea competentelor unui numar de 66 cadre didactice universitare, in scopul de a oferi programe de studii bazate atat pe nevoile cursantilor\/studentilor dar si adecvate unei piete de munca aflata in continua miscare.<\/p>\n\n\n\n<p><strong><span style=\"text-decoration: underline;\">Beneficii pentru GT studen\u021bi:<\/span><\/strong><\/p>\n\n\n\n<ol><li><span style=\"font-size: 1rem;\">Beneficiaza de sprijin urmare a actiunilor de optimizare a ofertelor de studii din \u00eenv\u0103\u021b\u0103m\u00e2ntul superior \u00een sprijinul angajabilit\u0103\u021bii. <\/span><\/li><li>In perioada de derulare a activitatilor proiectului studentii din grupul tinta vor participa la<ul><li>Sedinte de informare referitoare la activitatile proiectului si a stadiului de implementare al acestuia, <\/li><li>Activitati de diseminare a rezultatelor obtinute in cadrul proiectului, <\/li><li>Discursuri motivationale organizate impreuna cu personalitati importante din cadrul unor mari companii din domeniul lor de studii, <\/li><\/ul><\/li><li>Vor beneficia de metodele moderne de transmitere a cunostintelor, <\/li><li>Vor beneficia de manualele (cursuri), suporturile de curs, indrumarele de seminar\/laborator care aduc la zi cunostintele din domeniile abordate in proiect si<\/li><li>Vor participa la un atelier de lucru cu reprezentanti ai firmelor din domeniul lor de studii<\/li><\/ol>\n\n\n\n<p><\/p>\n\n\n\n<p><strong>Dosarul de \u00eenscriere \u00een grupul \u021bint\u0103 va cuprinde urm\u0103toarele documente:<\/strong><\/p>\n\n\n\n<ul><li><a href=\"https:\/\/shiva.pub.ro\/wp-content\/uploads\/2022\/10\/01.Anexa-1_Formularul-de-inregistrare_Pocu122333.doc\">Formularul de \u00eenregistrare individual\u0103 a participan\u021bilor la opera\u021biunile finan\u021bate prin POCU 2014-2020<\/a>;<\/li><li><a href=\"https:\/\/shiva.pub.ro\/wp-content\/uploads\/2022\/10\/02.Anexa-2_Declaratie-prelucrare-date-cu-caracter-personal_Pocu122333.doc\">Declara\u021bie privind acceptarea prelucr\u0103rii datelor cu caracter personal<\/a>;<\/li><li><a href=\"https:\/\/shiva.pub.ro\/wp-content\/uploads\/2022\/10\/03.Anexa-3_Declaratie-evitare-dubla-finantareparticipare-activitati-proiect_Pocu122333.doc\">Declara\u021bie privind evitarea dublei finan\u021b\u0103ri \u0219i angajament privind participarea la activit\u0103\u021bile proiectului<\/a>;<\/li><li><a href=\"https:\/\/shiva.pub.ro\/wp-content\/uploads\/2022\/10\/04.Anexa-4_Declaratie-apartenenta-la-un-grup-tinta_Pocu122333.doc\">Declara\u021bie privind apartenen\u021ba la una dintre categoriile de grup \u021bint\u0103 (student, minoritatea roma\/netradi\u021bional\/mediul rural)<\/a>;<\/li><li>Copie a c\u0103r\u021bii de identitate;<\/li><li>Adeverin\u021b\u0103 de elev\/student de la liceu\/facultate<\/li><\/ul>\n\n\n\n<p><strong><a href=\"https:\/\/shiva.pub.ro\/wp-content\/uploads\/2022\/10\/Metodologie-selectie-GT-final.pdf\">Metodologia de selec\u021bie a grupului \u021bint\u0103 \u00een cadrul proiectului POCU122333<\/a><\/strong><\/p>\n\n\n\n<p><\/p>\n\n\n\n<p><\/p>\n","protected":false},"excerpt":{"rendered":"<p>Despreproiect Partenerul P4 Obiective proiect Activitati eligibile Grup tinta Contact Cod SMIS proiect: 122333 Ax\u0103 prioritar\u0103: 6: \u201eEduca\u021bie \u015fi competen\u0163e\u201d OIR\/OI responsabil: OI POCU MEC Proiectul \u201eOferte educa\u0163ionale noi \u015fi flexibile \u00een \u00eenv\u0103\u0163\u0103m\u00e2ntul ter\u0163iar universitar \u015fi non-universitar tehnic conforme cu cerin\u0163ele pie\u0163ei muncii \u00een schimbare\u201d are obiectivul principal de&nbsp;cresterea ratei de acces si participarii in [&hellip;]<\/p>\n","protected":false},"author":1,"featured_media":0,"parent":0,"menu_order":0,"comment_status":"closed","ping_status":"closed","template":"","meta":{"jetpack_post_was_ever_published":false},"jetpack_sharing_enabled":true,"jetpack_shortlink":"https:\/\/wp.me\/P3IZHU-1if","_links":{"self":[{"href":"https:\/\/shiva.pub.ro\/en\/wp-json\/wp\/v2\/pages\/4975"}],"collection":[{"href":"https:\/\/shiva.pub.ro\/en\/wp-json\/wp\/v2\/pages"}],"about":[{"href":"https:\/\/shiva.pub.ro\/en\/wp-json\/wp\/v2\/types\/page"}],"author":[{"embeddable":true,"href":"https:\/\/shiva.pub.ro\/en\/wp-json\/wp\/v2\/users\/1"}],"replies":[{"embeddable":true,"href":"https:\/\/shiva.pub.ro\/en\/wp-json\/wp\/v2\/comments?post=4975"}],"version-history":[{"count":9,"href":"https:\/\/shiva.pub.ro\/en\/wp-json\/wp\/v2\/pages\/4975\/revisions"}],"predecessor-version":[{"id":5038,"href":"https:\/\/shiva.pub.ro\/en\/wp-json\/wp\/v2\/pages\/4975\/revisions\/5038"}],"wp:attachment":[{"href":"https:\/\/shiva.pub.ro\/en\/wp-json\/wp\/v2\/media?parent=4975"}],"curies":[{"name":"wp","href":"https:\/\/api.w.org\/{rel}","templated":true}]}}