{"id":4962,"date":"2022-10-26T06:25:19","date_gmt":"2022-10-26T06:25:19","guid":{"rendered":"https:\/\/shiva.pub.ro\/?page_id=4962"},"modified":"2022-10-26T12:33:52","modified_gmt":"2022-10-26T12:33:52","slug":"pocu122333-obiective","status":"publish","type":"page","link":"https:\/\/shiva.pub.ro\/en\/pocu122333-obiective\/","title":{"rendered":"Obiectivele proiectului POCU122333"},"content":{"rendered":"\n<meta name=\"viewport\" content=\"width=device-width, initial-scale=1\">\n\n\n\n<style>\nbody {\n  margin: 0;\n  font-family: Arial, Helvetica, sans-serif;\n}\n\n.topnav {\n  overflow: hidden;\n  background-color: #333;\n}\n\n.topnav a {\n  float: left;\n  color: #f2f2f2;\n  text-align: center;\n  padding: 14px 16px;\n  text-decoration: none;\n  font-size: 14px;\n}\n\n.topnav a:hover {\n  background-color: #ddd;\n  color: black;\n}\n\n.topnav a.active {\nbackground-color: #4CAF50;\n  color: white;\n}\n<\/style>\n\n\n\n<div class=\"topnav\">\n  <a href=\"https:\/\/shiva.pub.ro\/despre-proiect-pocu122333\/\">Despre<br>proiect<\/a>  \n  <a href=\"https:\/\/shiva.pub.ro\/pocu122333upb-despre\/\">Partenerul<br> P4<\/a>\n  <a href=\"https:\/\/shiva.pub.ro\/pocu122333-obiective\/\">Obiective<br> proiect<\/a>\n  <a href=\"https:\/\/shiva.pub.ro\/pocu122333-activitati\/\">Activitati<br> eligibile<\/a>\n  <a href=\"https:\/\/shiva.pub.ro\/pocu122333-grup-tinta\/\">Grup<br> tinta<\/a>\n  <a href=\"https:\/\/shiva.pub.ro\/contact-pocu122333\/\">Contact<br>   <\/a>\n<\/div>\n\n\n\n<p><\/p>\n\n\n\n<div class=\"is-layout-flow wp-block-group\"><div class=\"wp-block-group__inner-container\">\n<div class=\"is-layout-flex wp-container-2 wp-block-columns\">\n<div class=\"is-layout-flow wp-block-column\" style=\"flex-basis:100%\">\n<p class=\"has-text-align-justify has-dark-gray-color has-text-color\"><strong><mark style=\"background-color:rgba(0, 0, 0, 0);color:#ff0000\" class=\"has-inline-color\">Obiectivul general<\/mark> <\/strong>al proiectului \u201c<em>Oferte educa\u0163ionale noi \u015fi flexibile \u00een \u00eenv\u0103\u0163\u0103m\u00e2ntul ter\u0163iar universitar \u015fi non-universitar tehnic conforme cu cerin\u0163ele pie\u0163ei muncii \u00een schimbare<\/em>\u201c const\u0103 \u00een consta in cresterea ratei de acces si participarii in invatamantul tertiar non-universitar, a cresterii atractivitatii ofertelor educationale din invatamantul tertiar universitar (adresandu-se in acest sens unui grup tinta de min.<strong>310 studenti<\/strong>) si non-universitar (adresandu-se unui grup tinta de min. de <strong>45 cursanti provenind din grupuri vulnerabile<\/strong>) prin dezvoltarea si pilotarea furnizarii unui numar de <strong>7 oferte educationale noi si\/sau redefinite<\/strong>, cu continut inovator, corelate cu imbunatatirea competentelor unui numar de <strong>66 cadre didactice universitare<\/strong>, in scopul de a oferi programe de studii bazate atat pe nevoile cursantilor\/studentilor dar si adecvate unei piete de munca aflata in continua miscare.<\/p>\n<\/div>\n<\/div>\n<\/div><\/div>\n\n\n\n<p><strong><span style=\"color:#ff0000\" class=\"has-inline-color\">Obiectivele specifice ale proiectului sunt:<\/span><\/strong><\/p>\n\n\n\n<p class=\"has-text-align-justify\"><strong><mark style=\"background-color:rgba(0, 0, 0, 0);color:#ff0000\" class=\"has-inline-color\">O.S.1<\/mark><\/strong> \u2013 Cresterea participarii la invatamantul tertiar universitar a unui grup tinta de minim<strong> 310 studenti<\/strong> si non-universitar a unui grup tinta de minim <strong>45 cursanti<\/strong>, dezvoltat in cadrul universitatilor din proiect, in special adresandu-se persoanelor care provin din grupuri vulnerabile, pe parcursul a 30 luni de implementare proiect;<\/p>\n\n\n\n<p class=\"has-text-align-justify\"><mark style=\"background-color:rgba(0, 0, 0, 0);color:#ff0000\" class=\"has-inline-color\"><strong>O.S.2<\/strong> <\/mark>&#8211; Instituirea si utilizarea de pachete integrate de masuri de asistenta educationala si sprijin financiar, prin acordarea unui numar de<strong> 15 burse\/sprijin financiar pentru cursantii participanti si inmatriculati in primul an la programul de studii din invatamantul tertiar nonuniversitar<\/strong> dezvoltat in cadrul proiectului;<\/p>\n\n\n\n<p class=\"has-text-align-justify\"><strong><mark style=\"background-color:rgba(0, 0, 0, 0);color:#ff0000\" class=\"has-inline-color\">O.S.3<\/mark><\/strong> \u2013 Imbunatatirea nivelului de competente a<strong> 48 persoane &#8211; personal didactic din \u00eenvatam\u00e2ntul tertiar universitar, respectiv a 18 persoane &#8211; personal didactic din invatamantul non-universitar tehnic<\/strong>, organizat \u00een cadrul institutiilor de \u00eenvatam\u00e2nt superior acreditate implicate in proiect, pe parcursul a 23 luni de perfectionare profesionala specializata, \u00een ceea ce priveste continutul educational inovator si resursele de \u00eenvatare moderne si flexibile;<\/p>\n\n\n\n<p><strong><mark style=\"background-color:rgba(0, 0, 0, 0);color:#ff0000\" class=\"has-inline-color\">O.S.4<\/mark><\/strong> &#8211; Diversificarea ofertelor educationale \u00een \u00eenvatam\u00e2ntul tertiar universitar si non-universitar tehnic organizate \u00een cadrul institutiilor de \u00eenvatam\u00e2nt superior acreditate si implicate in proiect, prin dezvoltarea si pilotarea furnizarii prin proiect a <strong>7 oferte educationale noi si\/sau redefinite \u2013 6 din invatamantul universitar si 1 din invatamantul non-universitar<\/strong>, cu continut inovator, corelate cu nevoile pietei muncii din sectoare economice\/domenii de specializare competitive (IT&amp;C, spatiu si securitate, energie si mediu, econanotehnologii si materiale avansate etc);<\/p>\n\n\n\n<p class=\"has-text-align-justify\"><strong><mark style=\"background-color:rgba(0, 0, 0, 0);color:#ff0000\" class=\"has-inline-color\">O.S.5<\/mark><\/strong> \u2013 Dezvoltarea de servicii de facilitare a invatarii adresate studentilor prin organizarea si sustinerea in cadrul proiectului a <strong>4 discursuri motivationale de catre reprezentati firme de succes din sectoare economice\/domenii de specializare competitive<\/strong> (IT&amp;C, spatiu si securitate, energie si mediu, econanotehnologii si materiale avansate etc);<\/p>\n\n\n\n<p class=\"has-text-align-justify\"><strong><mark style=\"background-color:rgba(0, 0, 0, 0);color:#ff0000\" class=\"has-inline-color\">O.S.6<\/mark><\/strong> &#8211; Abordare inovativa si sustenabila prin organizarea in cadrul proiectului a unor <strong>ateliere de lucru cu reprezentanti ai personalui didactic al institutiilor de invatamant implicate in proiect si reprezentati ai firmelor din sectoare economice\/domenii specializare competitive<\/strong>. La unele ateliere vor fi invitati si student\/cursanti de la universitatile partenere. Se vor organiza si intalniri cu elevii de la diferite licee in scopul diseminarii si atragerii acestora catre specializarile dezvoltate in proiect;<\/p>\n\n\n\n<p class=\"has-text-align-justify\"><strong><mark style=\"background-color:rgba(0, 0, 0, 0);color:#ff0000\" class=\"has-inline-color\">O.S.7<\/mark><\/strong> \u2013Implicarea partenerului social din <strong>mediul privat &#8211; Omega Trust SRL, in activitatile proiectului pentru a dezvolta programe de studii (oferte educationale) <\/strong>noi si\/sau redefinite, cu o componenta aplicativa corelata nevoilor si cerintelor actuale ale pietei muncii;<\/p>\n\n\n\n<p class=\"has-text-align-justify\"><strong><mark style=\"background-color:rgba(0, 0, 0, 0);color:#ff0000\" class=\"has-inline-color\">O.S.8<\/mark><\/strong> \u2013 Cresterea atractivitatii procesului de invatare prin<strong> realizarea si dezvoltarea de resurse\/materiale\/instrumente de invatare noi in cadrul programelor de studii dezvoltate prin proiect \u2013 editare manuale (cursuri), indrumare de seminar\/laborator, programe analitice si fise de disciplina pentru cursurile complementare<\/strong>;<\/p>\n\n\n\n<p class=\"has-text-align-justify\"><strong><mark style=\"background-color:rgba(0, 0, 0, 0);color:#ff0000\" class=\"has-inline-color\">O.S.9<\/mark><\/strong> \u2013 <strong>Dezvoltare platforma inovativa educationala<\/strong>, in vederea asigurarii continuitatii utilizarii programelor de studii noi dezvoltate in cadrul proiectului.<\/p>\n","protected":false},"excerpt":{"rendered":"<p>Despreproiect Partenerul P4 Obiective proiect Activitati eligibile Grup tinta Contact Obiectivul general al proiectului \u201cOferte educa\u0163ionale noi \u015fi flexibile \u00een \u00eenv\u0103\u0163\u0103m\u00e2ntul ter\u0163iar universitar \u015fi non-universitar tehnic conforme cu cerin\u0163ele pie\u0163ei muncii \u00een schimbare\u201c const\u0103 \u00een consta in cresterea ratei de acces si participarii in invatamantul tertiar non-universitar, a cresterii atractivitatii ofertelor educationale din invatamantul tertiar [&hellip;]<\/p>\n","protected":false},"author":1,"featured_media":0,"parent":0,"menu_order":0,"comment_status":"closed","ping_status":"closed","template":"","meta":{"jetpack_post_was_ever_published":false},"jetpack_sharing_enabled":true,"jetpack_shortlink":"https:\/\/wp.me\/P3IZHU-1i2","_links":{"self":[{"href":"https:\/\/shiva.pub.ro\/en\/wp-json\/wp\/v2\/pages\/4962"}],"collection":[{"href":"https:\/\/shiva.pub.ro\/en\/wp-json\/wp\/v2\/pages"}],"about":[{"href":"https:\/\/shiva.pub.ro\/en\/wp-json\/wp\/v2\/types\/page"}],"author":[{"embeddable":true,"href":"https:\/\/shiva.pub.ro\/en\/wp-json\/wp\/v2\/users\/1"}],"replies":[{"embeddable":true,"href":"https:\/\/shiva.pub.ro\/en\/wp-json\/wp\/v2\/comments?post=4962"}],"version-history":[{"count":8,"href":"https:\/\/shiva.pub.ro\/en\/wp-json\/wp\/v2\/pages\/4962\/revisions"}],"predecessor-version":[{"id":5035,"href":"https:\/\/shiva.pub.ro\/en\/wp-json\/wp\/v2\/pages\/4962\/revisions\/5035"}],"wp:attachment":[{"href":"https:\/\/shiva.pub.ro\/en\/wp-json\/wp\/v2\/media?parent=4962"}],"curies":[{"name":"wp","href":"https:\/\/api.w.org\/{rel}","templated":true}]}}