{"id":4945,"date":"2022-10-25T13:07:02","date_gmt":"2022-10-25T13:07:02","guid":{"rendered":"https:\/\/shiva.pub.ro\/?page_id=4945"},"modified":"2023-10-30T07:11:07","modified_gmt":"2023-10-30T07:11:07","slug":"despre-proiect-pocu122333","status":"publish","type":"page","link":"https:\/\/shiva.pub.ro\/en\/despre-proiect-pocu122333\/","title":{"rendered":"Despre Proiectul\u00a0POCU122333"},"content":{"rendered":"\n<meta name=\"viewport\" content=\"width=device-width, initial-scale=1\">\n\n\n\n<style>\nbody {\n  margin: 0;\n  font-family: Arial, Helvetica, sans-serif;\n}\n\n.topnav {\n  overflow: hidden;\n  background-color: #333;\n}\n\n.topnav a {\n  float: left;\n  color: #f2f2f2;\n  text-align: center;\n  padding: 14px 16px;\n  text-decoration: none;\n  font-size: 14px;\n}\n\n.topnav a:hover {\n  background-color: #ddd;\n  color: black;\n}\n\n.topnav a.active {\nbackground-color: #4CAF50;\n  color: white;\n}\n<\/style>\n\n\n\n<div class=\"topnav\">\n  <a href=\"https:\/\/shiva.pub.ro\/despre-proiect-pocu122333\/\">Despre<br>proiect<\/a>  \n  <a href=\"https:\/\/shiva.pub.ro\/pocu122333upb-despre\/\">Partenerul<br> P4<\/a>\n  <a href=\"https:\/\/shiva.pub.ro\/pocu122333-obiective\/\">Obiective<br> proiect<\/a>\n  <a href=\"https:\/\/shiva.pub.ro\/pocu122333-activitati\/\">Activitati<br> eligibile<\/a>\n  <a href=\"https:\/\/shiva.pub.ro\/pocu122333-grup-tinta\/\">Grup<br> tinta<\/a>\n  <a href=\"https:\/\/shiva.pub.ro\/contact-pocu122333\/\">Contact<br>   <\/a>\n<\/div>\n\n\n\n<p><\/p>\n\n\n\n<p class=\"has-text-align-justify\">Proiectul <strong>\u201eOferte educa\u0163ionale noi \u015fi flexibile \u00een \u00eenv\u0103\u0163\u0103m\u00e2ntul ter\u0163iar universitar \u015fi non-universitar tehnic conforme cu cerin\u0163ele pie\u0163ei muncii \u00een schimbare\u201d <\/strong>este cofinan\u0163at din <strong>Fondul Social European prin Programul Opera\u0163ional Capital Uman 2014-2020<\/strong>. <br><br>Face parte din axa prioritar\u0103 6 \u201e<strong><mark style=\"background-color:rgba(0, 0, 0, 0)\" class=\"has-inline-color has-dark-gray-color\">Educa\u0163ie \u015fi competen\u0163e<\/mark><\/strong>\u201d si se identifica prin codul <strong><em>POCU\/320\/6\/21\/122333<\/em><\/strong><br><br>Proiectul este realizat intr-un consor\u021biu format din <br> &#8211; <strong><strong><a href=\"http:\/\/www.utcb.ro\/utcb\/\">Universitatea Tehnic\u0103 de Construc\u021bii Bucure\u0219ti<\/a><\/strong><\/strong> <br>ca si <strong>coordonator <\/strong>si<strong><br>&#8211; <a href=\"https:\/\/www.tuiasi.ro\/\">Universitatea Tehnica \u201eGheorghe Asachi\u201d din Iasi &#8211; Partenerul 1<\/a><br>&#8211; <a href=\"https:\/\/www.valahia.ro\/\">Universitatea Valahia din Targoviste &#8211; Partenerul 2<\/a><br>&#8211; <a href=\"https:\/\/www.utcluj.ro\/\">Universitatea Tehnica din Cluj-Napoca &#8211; Partenerul 3<\/a><br><\/strong>&#8211;&nbsp;<strong><a href=\"http:\/\/www.upb.ro\/\">Universitatea Politehnica din Bucure\u0219ti &#8211; Partenerul 4<\/a><br>&#8211; <a href=\"https:\/\/www.upt.ro\/\">Universitatea Politehnica Timisoara &#8211; Partenerul 5<\/a><\/strong><br>&#8211; <strong><a href=\"http:\/\/www.omega-trust.ro\/\">Omega Trust SRL &#8211; Partener 6<\/a><\/strong><br>ca si <strong>parteneri<\/strong>.<\/p>\n\n\n\n<p class=\"has-text-align-justify\">Universitatea Politehnica din Bucure\u0219ti este partener \u00een cadrul proiectului cu titlul \u201e<strong>Oferte educa\u0163ionale noi \u015fi flexibile \u00een \u00eenv\u0103\u0163\u0103m\u00e2ntul ter\u0163iar universitar \u015fi non-universitar tehnic conforme cu cerin\u0163ele pie\u0163ei muncii \u00een schimbare<\/strong>\u201d, cod MySMIS <strong><em>POCU\/320\/6\/21\/122333<\/em><\/strong>.<\/p>\n\n\n\n<p class=\"has-text-align-justify\"><strong>Obiectivul general <\/strong>al proiectului consta in cresterea ratei de acces si participarii in invatamantul tertiar non-universitar, a cresterii atractivitatii ofertelor educationale din invatamantul tertiar universitar (adresandu-se in acest sens unui grup tinta de min.310 studenti) si non-universitar (adresandu-se unui grup tinta de min. de 45 cursanti provenind din grupuri vulnerabile) prin dezvoltarea si pilotarea furnizarii unui numar de 7 oferte educationale noi si\/sau redefinite, cu continut inovator, corelate cu imbunatatirea competentelor unui numar de 66 cadre didactice universitare, in scopul de a oferi programe de studii bazate atat pe nevoile cursantilor\/studentilor dar si adecvate unei piete de munca aflata in continua miscare.<\/p>\n\n\n\n<p class=\"has-text-align-justify\">\u00cen cadrul proiectului, Lider de parteneriat este <strong>Universitatea Tehnic\u0103 de Construc\u021bii Bucure\u0219ti (UTCB)\u200b,<\/strong> iar partenerii sunt: <em>Universitatea Tehnica \u201eGheorghe Asachi\u201d din Iasi, Universitatea Valahia din Targoviste, Universitatea Tehnica din Cluj-Napoca, Universitatea Politehnica Bucuresti, Universitatea Politehnica Timisoara si S.C. Omega Trust S.R.L.<\/em><\/p>\n\n\n\n<p><\/p>\n\n\n\n<figure class=\"wp-block-image size-large\"><a href=\"https:\/\/shiva.pub.ro\/wp-content\/uploads\/2023\/10\/Banner-Electronic-300x250_MFE-1.png\"><img decoding=\"async\" loading=\"lazy\" width=\"1024\" height=\"854\" src=\"https:\/\/shiva.pub.ro\/wp-content\/uploads\/2023\/10\/Banner-Electronic-300x250_MFE-1-1024x854.png\" alt=\"\" class=\"wp-image-5087\" srcset=\"https:\/\/shiva.pub.ro\/wp-content\/uploads\/2023\/10\/Banner-Electronic-300x250_MFE-1-1024x854.png 1024w, https:\/\/shiva.pub.ro\/wp-content\/uploads\/2023\/10\/Banner-Electronic-300x250_MFE-1-300x250.png 300w, https:\/\/shiva.pub.ro\/wp-content\/uploads\/2023\/10\/Banner-Electronic-300x250_MFE-1-768x640.png 768w, https:\/\/shiva.pub.ro\/wp-content\/uploads\/2023\/10\/Banner-Electronic-300x250_MFE-1-624x520.png 624w, https:\/\/shiva.pub.ro\/wp-content\/uploads\/2023\/10\/Banner-Electronic-300x250_MFE-1.png 1250w\" sizes=\"(max-width: 1024px) 100vw, 1024px\" \/><\/a><\/figure>\n\n\n\n<div class=\"wp-block-file\"><object class=\"wp-block-file__embed\" data=\"https:\/\/shiva.pub.ro\/wp-content\/uploads\/2023\/10\/Comunicat-de-presa-Conferinta-de-inchidere_122333.pdf\" type=\"application\/pdf\" style=\"width:100%;height:600px\" aria-label=\"Embed of Comunicat-de-presa-Conferinta-de-inchidere_122333.\"><\/object><a id=\"wp-block-file--media-d1ea673b-f6ca-4814-b856-5efec2f4e2e3\" href=\"https:\/\/shiva.pub.ro\/wp-content\/uploads\/2023\/10\/Comunicat-de-presa-Conferinta-de-inchidere_122333.pdf\">Comunicat-de-presa-Conferinta-de-inchidere_122333<\/a><a href=\"https:\/\/shiva.pub.ro\/wp-content\/uploads\/2023\/10\/Comunicat-de-presa-Conferinta-de-inchidere_122333.pdf\" class=\"wp-block-file__button wp-element-button\" download aria-describedby=\"wp-block-file--media-d1ea673b-f6ca-4814-b856-5efec2f4e2e3\">Descarc\u0103<\/a><\/div>\n\n\n\n<p><\/p>\n","protected":false},"excerpt":{"rendered":"<p>Despreproiect Partenerul P4 Obiective proiect Activitati eligibile Grup tinta Contact Proiectul \u201eOferte educa\u0163ionale noi \u015fi flexibile \u00een \u00eenv\u0103\u0163\u0103m\u00e2ntul ter\u0163iar universitar \u015fi non-universitar tehnic conforme cu cerin\u0163ele pie\u0163ei muncii \u00een schimbare\u201d este cofinan\u0163at din Fondul Social European prin Programul Opera\u0163ional Capital Uman 2014-2020. Face parte din axa prioritar\u0103 6 \u201eEduca\u0163ie \u015fi competen\u0163e\u201d si se identifica prin [&hellip;]<\/p>\n","protected":false},"author":1,"featured_media":0,"parent":0,"menu_order":0,"comment_status":"closed","ping_status":"closed","template":"","meta":{"jetpack_post_was_ever_published":false},"jetpack_sharing_enabled":true,"jetpack_shortlink":"https:\/\/wp.me\/P3IZHU-1hL","_links":{"self":[{"href":"https:\/\/shiva.pub.ro\/en\/wp-json\/wp\/v2\/pages\/4945"}],"collection":[{"href":"https:\/\/shiva.pub.ro\/en\/wp-json\/wp\/v2\/pages"}],"about":[{"href":"https:\/\/shiva.pub.ro\/en\/wp-json\/wp\/v2\/types\/page"}],"author":[{"embeddable":true,"href":"https:\/\/shiva.pub.ro\/en\/wp-json\/wp\/v2\/users\/1"}],"replies":[{"embeddable":true,"href":"https:\/\/shiva.pub.ro\/en\/wp-json\/wp\/v2\/comments?post=4945"}],"version-history":[{"count":12,"href":"https:\/\/shiva.pub.ro\/en\/wp-json\/wp\/v2\/pages\/4945\/revisions"}],"predecessor-version":[{"id":5090,"href":"https:\/\/shiva.pub.ro\/en\/wp-json\/wp\/v2\/pages\/4945\/revisions\/5090"}],"wp:attachment":[{"href":"https:\/\/shiva.pub.ro\/en\/wp-json\/wp\/v2\/media?parent=4945"}],"curies":[{"name":"wp","href":"https:\/\/api.w.org\/{rel}","templated":true}]}}