{"id":4497,"date":"2020-09-30T08:29:42","date_gmt":"2020-09-30T08:29:42","guid":{"rendered":"https:\/\/shiva.pub.ro\/?page_id=4497"},"modified":"2022-04-20T12:29:17","modified_gmt":"2022-04-20T12:29:17","slug":"pocu124651grup-tinta","status":"publish","type":"page","link":"https:\/\/shiva.pub.ro\/en\/pocu124651grup-tinta\/","title":{"rendered":"Grup tinta"},"content":{"rendered":"\n<meta name=\"viewport\" content=\"width=device-width, initial-scale=1\">\n<style>\nbody {\n  margin: 0;\n  font-family: Arial, Helvetica, sans-serif;\n}\n\n.topnav {\n  overflow: hidden;\n  background-color: #333;\n}\n\n.topnav a {\n  float: left;\n  color: #f2f2f2;\n  text-align: center;\n  padding: 14px 16px;\n  text-decoration: none;\n  font-size: 14px;\n}\n\n.topnav a:hover {\n  background-color: #ddd;\n  color: black;\n}\n\n.topnav a.active {\nbackground-color: #4CAF50;\n  color: white;\n}\n<\/style>\n\n\n\n<div class=\"topnav\">\n  <a href=\"https:\/\/shiva.pub.ro\/pocu124651upb\/\">Despre<br>proiect<\/a>  \n  <a href=\"https:\/\/shiva.pub.ro\/pocu124651upb-despre\/\">Partenerul<br> P2<\/a>\n  <a href=\"https:\/\/shiva.pub.ro\/obiective-proiect\/\">Obiective<br> proiect<\/a>\n  <a href=\"https:\/\/shiva.pub.ro\/activitati-eligibile\/\">Activitati<br> eligibile<\/a>\n  <a href=\"https:\/\/shiva.pub.ro\/pocu124651grup-tinta\/\">Grup<br> tinta<\/a>\n  <a href=\"https:\/\/shiva.pub.ro\/contactpocu124651\/\">Contact<br>   <\/a>\n<\/div>\n\n\n\n<p><\/p>\n\n\n\n<p><small>Cod SMIS proiect: 124651<br>\nAx\u0103 prioritar\u0103: 6: \u201eEduca\u021bie \u015fi competen\u0163e\u201d<br>\nOIR\/OI responsabil: OI POCU MEC<\/small>\n<\/p>\n\n\n\n<p><strong>Proiectul \u201eAtragerea de candida\u021bi (viitori studen\u021bi) la \u00eenv\u0103\u021b\u0103m\u00e2ntul ter\u021biar universitar ingineresc si preg\u0103tirea lor pentru cerin\u021bele pie\u021bei muncii actuale\u201d are obiectivul principal de<\/strong>&nbsp;cre\u0219tere a accesului \u0219i echit\u0103\u021bii \u00een \u00eenv\u0103\u021b\u0103m\u00e2ntul superior din Rom\u00e2nia&nbsp;\u0219i cre\u0219terea atractivit\u0103\u021bii ofertelor educa\u021bionale complementare dezvoltate prin proiect (<strong>5 oferte educa\u021bionale complementare noi \u0219i\/sau \u00eembun\u0103t\u0103\u021bite<\/strong>), \u00een special \u00een ceea ce prive\u0219te antreprenoriatul.<\/p>\n\n\n\n<p><span style=\"color:#a30012\" class=\"has-inline-color\"><strong>Concurs \u201eT\u00e2n\u0103rul Inginer Antreprenor\u201d<\/strong><br><\/span>Rezultatele se gasesc in fisierul de mai jos:<\/p>\n\n\n\n<div class=\"wp-block-file\"><a href=\"https:\/\/shiva.pub.ro\/wp-content\/uploads\/2022\/04\/Rezultate-concurs-de-planuri-de-afaceri_POCU-124651.pdf\">R<strong>ezultate-concurs-de-planuri-de-afaceri_POCU-124651<\/strong><\/a><a href=\"https:\/\/shiva.pub.ro\/wp-content\/uploads\/2022\/04\/Rezultate-concurs-de-planuri-de-afaceri_POCU-124651.pdf\" class=\"wp-block-file__button\" download>Descarc\u0103<\/a><\/div>\n\n\n\n<div class=\"wp-block-file\"><a href=\"https:\/\/shiva.pub.ro\/wp-content\/uploads\/2022\/04\/Rezultate-concurs-de-planuri-de-afaceri_POCU-124651-finale.pdf\">Rezultate-concurs-de-planuri-de-afaceri_POCU-124651-finale<\/a><a href=\"https:\/\/shiva.pub.ro\/wp-content\/uploads\/2022\/04\/Rezultate-concurs-de-planuri-de-afaceri_POCU-124651-finale.pdf\" class=\"wp-block-file__button\" download>Descarc\u0103<\/a><\/div>\n\n\n\n<p>Studen\u021bii care au promovat cursul de antreprenoriat se pot \u00eenscrie individual sau \u00een echip\u0103 de 2 studen\u021bi pentru a c\u00e2\u0219tiga unul din cele <strong>23 PREMII:<\/strong><br>o&nbsp;&nbsp;&nbsp;<strong>Premiul I =&nbsp;5000RON<\/strong><br>o&nbsp;&nbsp;&nbsp;<strong>Premiul II =4000RON<\/strong><br>o&nbsp;&nbsp;&nbsp;<strong>Premiul III =3000RON<\/strong><br>o&nbsp;&nbsp;&nbsp;<strong>20 x&nbsp;Men\u021biuni=2000 RON<\/strong><\/p>\n\n\n\n<p><strong>Calendarul concursului este:<br><\/strong>&#8211; <strong>21.03.2022-25.03.2022<\/strong> \u00eenscriere &#8211; transmitere dosar pe email c\u0103tre <span style=\"text-decoration: underline;\"><span style=\"color:#0029a3\" class=\"has-inline-color\">nicoleta.arghira@upb.ro<\/span><\/span> . Dosarul de  inscriere la concurs cuprinde:<\/p>\n\n\n\n<ol type=\"1\"><li><a href=\"https:\/\/shiva.pub.ro\/wp-content\/uploads\/2022\/03\/1.Anexa-1.-Declaratie-angajament-concurs-Tanarul-Inginer-Antreprenor.docx\">Anexa 1 &#8211; Declara\u021bie de angajament individual concurs planuri de afaceri<\/a><\/li><li><strong>Documenta\u021bia planului de afaceri<\/strong>: <a href=\"https:\/\/shiva.pub.ro\/wp-content\/uploads\/2022\/03\/2_Plan-de-afaceri-POCU124651-exemplu.docx\">exemplu plan<\/a>, <a href=\"https:\/\/shiva.pub.ro\/wp-content\/uploads\/2022\/03\/2_Plan-de-afaceri-POCU124651-cashflow-exemplu.xlsx\">exemplu cashflow<\/a><\/li><li><strong>Curriculum vitae<\/strong> &#8211; orice format, de ex, <a href=\"https:\/\/shiva.pub.ro\/wp-content\/uploads\/2022\/03\/3.-Model-curriculum-vitae-europass.docx\" data-type=\"URL\" data-id=\"https:\/\/shiva.pub.ro\/wp-content\/uploads\/2022\/03\/3.-Model-curriculum-vitae-europass.docx\">Europass CV<\/a><\/li><li><strong>Lista activit\u0103\u021bilor din proiect la care a participat<\/strong> de la intrarea \u00een grupul \u021bint\u0103 p\u00e2n\u0103 la concurs:<ol><li>Prezen\u021be (screenshoot-uri) din care s\u0103 reias\u0103 participarea la \u0219edin\u021bele de antreprenoriat (daca aveti),<\/li><\/ol><ol><li>Participare la \u0219edin\u021bele sau workshop-urile de consiliere (prezen\u021ba \u0219i completarea formularului de feedback)<\/li><\/ol><\/li><li><strong>Adeverin\u021b\u0103 sau carnet de student<\/strong> vizat pe anul universitar 2021-2022, dac\u0103 este cazul (doar pentru studentii \u00eenscri\u0219i \u00een proiect \u00een anul universitar 2020-2021)<\/li><\/ol>\n\n\n\n<p>&#8211; <strong>29.03.2022-31.03.2022 concurs (sus\u021binere prezentare plan de afaceri prin Microsoft Teams)<\/strong><br>&#8211; 28.03.2022-18.04.2022 evaluare \u0219i afi\u0219are rezultate<\/p>\n\n\n\n<p><a href=\"https:\/\/shiva.pub.ro\/wp-content\/uploads\/2022\/03\/Curs-antreprenoriat-POCU124651.pdf\"><span class=\"has-inline-color has-dark-gray-color\"><strong>Finalizare si certificare curs \u201dAntreprenoriat in domeniul IS\u201d<\/strong>:<br><\/span><\/a>&#8211; Test finalizare curs &#8211; <strong>vineri, 18.03.2022 orele 19-20<\/strong> prin <a rel=\"noreferrer noopener\" href=\"https:\/\/teams.microsoft.com\/l\/meetup-join\/19%3adb79f061699e4f5b83b16d32fe87d763%40thread.tacv2\/1647337209024?context=%7b%22Tid%22%3a%222d8cc8ba-8dda-4334-9e5c-fac2092e9bac%22%2c%22Oid%22%3a%227bf3d20b-d2ec-4e6a-939a-5eb135e36cf6%22%7d\" target=\"_blank\">Microsoft Teams\/Forms<\/a><br>&#8211; Transmiterea documentatiei planului de afaceri (<a rel=\"noreferrer noopener\" href=\"https:\/\/shiva.pub.ro\/wp-content\/uploads\/2022\/03\/Seminar-plan-de-afaceri.zip\" target=\"_blank\">template aici<\/a>) prin email c\u0103tre nicoleta.arghira@upb.ro \u0219i veronica.barbulea@upb.ro p\u00e2n\u0103 vineri, 18.03.2022.<br>Documentatia de curs este <a rel=\"noreferrer noopener\" href=\"https:\/\/shiva.pub.ro\/wp-content\/uploads\/2022\/03\/Curs-antreprenoriat-POCU124651.pdf\" target=\"_blank\">aici<\/a>, iar cea de seminar poate fi descarcata de <a rel=\"noreferrer noopener\" href=\"https:\/\/shiva.pub.ro\/wp-content\/uploads\/2022\/03\/Curs-antreprenoriat-POCU124651.pdf\" target=\"_blank\">aici<\/a>.<\/p>\n\n\n\n<div class=\"wp-block-file\"><a href=\"https:\/\/shiva.pub.ro\/wp-content\/uploads\/2022\/03\/Metodologia-de-acordare-a-premiilor-\u201eTANARUL-INGINER-ANTREPRENOR.pdf\">Metodologia de acordare a premiilor-\u201eTANARUL INGINER ANTREPRENOR&#8221;<\/a><a href=\"https:\/\/shiva.pub.ro\/wp-content\/uploads\/2022\/03\/Metodologia-de-acordare-a-premiilor-\u201eTANARUL-INGINER-ANTREPRENOR.pdf\" class=\"wp-block-file__button\" download>Descarc\u0103<\/a><\/div>\n\n\n\n<div class=\"wp-block-file\"><a href=\"https:\/\/shiva.pub.ro\/wp-content\/uploads\/2021\/11\/Rezultate-Bursa-POCU-124651-STAN.pdf\"><strong><span class=\"has-inline-color has-dark-gray-color\">Rezultate-Bursa-POCU-124651<\/span><\/strong><\/a><a href=\"https:\/\/shiva.pub.ro\/wp-content\/uploads\/2021\/11\/Rezultate-Bursa-POCU-124651-STAN.pdf\" class=\"wp-block-file__button\" download>Descarc\u0103<\/a><\/div>\n\n\n\n<p><\/p>\n\n\n\n<div class=\"wp-block-file\"><a href=\"https:\/\/shiva.pub.ro\/wp-content\/uploads\/2020\/11\/00_Metodologie-GT-POCU-124651-final.pdf\">Metodologie de selec\u021bie a grupului \u021bint\u0103 (GT) POCU 124651<\/a><a href=\"https:\/\/shiva.pub.ro\/wp-content\/uploads\/2020\/11\/00_Metodologie-GT-POCU-124651-final.pdf\" class=\"wp-block-file__button\" download>Descarc\u0103<\/a><\/div>\n\n\n\n<div class=\"wp-block-file\"><a href=\"https:\/\/shiva.pub.ro\/wp-content\/uploads\/2021\/10\/Prez-proiect-POCU124651-studenti_2021_10_gen.pdf\">Prezentare beneficii studenti proiect POCU124651 &#8211; oct 2021<\/a><a href=\"https:\/\/shiva.pub.ro\/wp-content\/uploads\/2021\/10\/Prez-proiect-POCU124651-studenti_2021_10_gen.pdf\" class=\"wp-block-file__button\" download>Descarc\u0103<\/a><\/div>\n\n\n\n<div class=\"wp-block-file\"><a href=\"https:\/\/shiva.pub.ro\/wp-content\/uploads\/2021\/04\/1.-Metodologie-burse-POCU-124651-final_03_2021-1.pdf\">Metodologie acordare burse &#8211; POCU 124651<\/a><a href=\"https:\/\/shiva.pub.ro\/wp-content\/uploads\/2021\/04\/1.-Metodologie-burse-POCU-124651-final_03_2021-1.pdf\" class=\"wp-block-file__button\" download>Descarc\u0103<\/a><\/div>\n\n\n\n<p><a href=\"https:\/\/shiva.pub.ro\/wp-content\/uploads\/2021\/04\/3.-Metodologie-consiliere-POCU-124651-final_03_2021-1.pdf\">Metodologia de consiliere, orientare \u0219i \u00eendrumare \u00een carier\u0103, tutoriat \u0219i coaching a grupului \u021bint\u0103<\/a><\/p>\n\n\n\n<p><strong><span style=\"color:#ff0000\" class=\"has-inline-color\">Documente pentru dosarul de bursa:<\/span><\/strong><\/p>\n\n\n\n<div class=\"wp-block-file\"><a href=\"https:\/\/shiva.pub.ro\/wp-content\/uploads\/2021\/11\/Informatii-Bursa-Student-Antreprenor-POCU-124651-STAN.pdf\">Informatii-Bursa-Student-Antreprenor-POCU-124651-STAN<\/a><a href=\"https:\/\/shiva.pub.ro\/wp-content\/uploads\/2021\/11\/Informatii-Bursa-Student-Antreprenor-POCU-124651-STAN.pdf\" class=\"wp-block-file__button\" download>Descarc\u0103<\/a><\/div>\n\n\n\n<div class=\"wp-block-file\"><a href=\"https:\/\/shiva.pub.ro\/wp-content\/uploads\/2021\/11\/Declaratie-consiliere-profesionala_POCU124651.doc\">Declaratie consiliere profesionala POCU124651<\/a><a href=\"https:\/\/shiva.pub.ro\/wp-content\/uploads\/2021\/11\/Declaratie-consiliere-profesionala_POCU124651.doc\" class=\"wp-block-file__button\" download>Descarc\u0103<\/a><\/div>\n\n\n\n<div class=\"wp-block-file\"><a href=\"https:\/\/shiva.pub.ro\/wp-content\/uploads\/2021\/11\/Declaratie-acord-conditii-bursa-si-semnare-contract-bursa_POCU124651.doc\">Declaratie acord conditii bursa si semnare contract bursa POCU124651<\/a><a href=\"https:\/\/shiva.pub.ro\/wp-content\/uploads\/2021\/11\/Declaratie-acord-conditii-bursa-si-semnare-contract-bursa_POCU124651.doc\" class=\"wp-block-file__button\" download>Descarc\u0103<\/a><\/div>\n\n\n\n<div class=\"wp-block-file\"><a href=\"https:\/\/shiva.pub.ro\/wp-content\/uploads\/2021\/11\/Declaratie-finalizarea-curs-Antreprenoriat_POCU124651.doc\">Declaratie finalizarea curs Antreprenoriat POCU124651<\/a><a href=\"https:\/\/shiva.pub.ro\/wp-content\/uploads\/2021\/11\/Declaratie-finalizarea-curs-Antreprenoriat_POCU124651.doc\" class=\"wp-block-file__button\" download>Descarc\u0103<\/a><\/div>\n\n\n\n<ul id=\"block-059543af-2e69-4014-95fd-ff563ca270c6\"><li><strong><span style=\"text-decoration: underline;\">Beneficii pentru GT studen\u021bi:<\/span><\/strong><\/li><li><span style=\"font-size: 1rem;\">participa la \u0219edin\u021be de informare referitoare la activit\u0103\u021bile proiectului \u0219i a stadiului de implementare al acestuia,<\/span><\/li><li>vor putea participa la ateliere de lucru \u00een care vor avea loc schimburi de experien\u021b\u0103 cu to\u021bi partenerii din proiect, vor putea discuta cu membri ai comunit\u0103\u021bii academice asupra ofertelor complementare de studii, adaptate la cerin\u021bele actuale ale pie\u021bei muncii<\/li><li>Iau parte la cursul complementar, facultativ: Antreprenoriat \u00een domeniul IS<\/li><li>Pot beneficia de Bursa Student Antreprenor \u00een valoare de 300RON\/luna pe o perioad\u0103 de 15 luni (pe perioada ultimelor 3 semestre universitare)<\/li><li>vor participa la \u00eent\u00e2lniri cu reprezentan\u021bi ai mediului de afaceri din domeniul ingineresc, \u00een special din companii ale domeniului Ingineria Sistemelor (automatic\u0103 \u0219i informatic\u0103 aplicat\u0103)<\/li><li>Particip\u0103 la workshopuri de consiliere, tutoriat \u0219i coaching dedicate studen\u021bilor, de ex. Workshop de consiliere \u201dComunicarea profesional\u0103 \u00een mediul online\u201d<\/li><\/ul>\n\n\n\n<p><strong>Beneficii pentru elevii din grupul \u021bint\u0103:<\/strong><\/p>\n\n\n\n<ul><li>vor putea lua contact direct la \u00eent\u00e2lnirile fa\u021b\u0103 \u00een fa\u021b\u0103 sau online cu reprezentan\u021bi ai echipei de implementare (cadre didactice) din Universitatea Politehnica din Bucure\u0219ti pentru a \u00een\u021belege mai bine oferta educa\u021bional\u0103 universitar\u0103<\/li><li>vor beneficia de \u0219edin\u021be de preg\u0103tire la disciplinele \u0219colare oferite de universitate<\/li><li>participa la \u0219edin\u021be de informare referitoare la activit\u0103\u021bile proiectului \u0219i a stadiului de implementare al acestuia,<\/li><li>particip\u0103 la activit\u0103\u021bi de diseminare a rezultatelor ob\u021binute \u00een cadrul proiectului \u0219i vor primi sprijin \u00een vederea accesului la \u00eenv\u0103\u021b\u0103m\u00e2ntul ter\u021biar prin derularea de activit\u0103\u021bi comune de c\u0103tre personalul didactic<\/li><li>vor putea participa la ateliere de lucru \u00een care vor avea loc schimburi de experien\u021b\u0103 cu to\u021bi partenerii din proiect, vor putea discuta cu membri ai comunit\u0103\u021bii academice asupra ofertelor complementare de studii, adaptate la cerin\u021bele actuale ale pie\u021bei muncii<\/li><li>vor participa la \u00eent\u00e2lniri cu reprezentan\u021bi ai mediului de afaceri din domeniul ingineresc, \u00een special din companii ale domeniului Ingineria Sistemelor (automatic\u0103 \u0219i informatic\u0103 aplicat\u0103)<\/li><li>transmiterea unor emailuri cu privire la nout\u0103\u021bile despre admiterea \u00een universitatea Politehnica din Bucure\u0219ti (date importante, cursuri de preg\u0103tire,&nbsp; modalitatea de admitere etc.), dac\u0103 se solicit\u0103.<\/li><\/ul>\n\n\n\n<p><strong>Condi\u021bii participare pentru elevi:<\/strong><\/p>\n\n\n\n<ul><li>\u00ee\u0219i au re\u0219edin\u021ba sau domiciliul \u00een mediul rural sau \u00een cel urban (pentru cei din mediul urban trebuie s\u0103 fie netradi\u021bionali sau de etnie roma);<\/li><li>sunt \u00eenregistra\u021bi \u0219i urmeaz\u0103 studii ISCED 3 (studii liceale)<\/li><li>inten\u021bioneaz\u0103 s\u0103 participe la activit\u0103\u021bile din cadrul proiectului;<\/li><li>nu au mai participat la proiecte similare cofinan\u021bate din fonduri nerambursabile \u2013 participan\u021bii la activit\u0103\u021bile proiectului nu au mai reprezentat grup \u021bint\u0103 pentru proiecte cu activit\u0103\u021bi similare cofinan\u021bate din fonduri nerambursabile pe axa prioritar\u0103 6 &#8211; \u201dEduca\u021bie \u0219i competen\u021be\u201d, opera\u021biunea compozit\u0103 OS 6.7, 6.9, 6.10;<\/li><li>doresc s\u0103 fie \u00eenregistra\u021bi ca \u0219i membri ai grupului \u021bint\u0103 din cadrul proiectului.<\/li><\/ul>\n\n\n\n<p><strong>Dosarul de \u00eenscriere \u00een grupul \u021bint\u0103 va cuprinde urm\u0103toarele documente:<\/strong><\/p>\n\n\n\n<ul><li><a href=\"https:\/\/shiva.pub.ro\/wp-content\/uploads\/2020\/09\/1_Formularul-de-\u00eenregistrare-individual\u0103-a-participan\u021bilor-la-opera\u021biunile-finan\u021bate-prin-POCU-2014-2020.doc\">Formularul de \u00eenregistrare individual\u0103 a participan\u021bilor la opera\u021biunile finan\u021bate prin POCU 2014-2020<\/a>;<\/li><li><a href=\"https:\/\/shiva.pub.ro\/wp-content\/uploads\/2020\/09\/2_Declara\u021bie-privind-acceptarea-prelucr\u0103rii-datelor-cu-caracter-personal.doc\">Declara\u021bie privind acceptarea prelucr\u0103rii datelor cu caracter personal<\/a>;<\/li><li><a href=\"https:\/\/shiva.pub.ro\/wp-content\/uploads\/2020\/09\/3_Declara\u021bie-privind-evitarea-dublei-finan\u021b\u0103ri-\u0219i-angajament-privind-participarea-la-activit\u0103\u021bile-proiectului.doc\">Declara\u021bie privind evitarea dublei finan\u021b\u0103ri \u0219i angajament privind participarea la activit\u0103\u021bile proiectului<\/a>;<\/li><li><a href=\"https:\/\/shiva.pub.ro\/wp-content\/uploads\/2020\/09\/4_Declara\u021bie-privind-apartenen\u021ba-la-una-dintre-categoriile-de-grup-\u021bint\u0103.doc\">Declara\u021bie privind apartenen\u021ba la una dintre categoriile de grup \u021bint\u0103 (elev, minoritatea roma\/netradi\u021bional\/mediul rural)<\/a>;<\/li><li>Copie a c\u0103r\u021bii de identitate;<\/li><li>Adeverin\u021b\u0103 de elev\/student de la liceu\/facultate<\/li><\/ul>\n\n\n\n<p><strong>Mai multe informa\u021bii:<\/strong> <a href=\"https:\/\/shiva.pub.ro\/pocu124651upb\/\">Site proiect partener P2 &#8211; Universitatea Politehnica din Bucure\u0219ti<\/a><\/p>\n\n\n\n<p><strong>Nicoleta ARGHIRA<\/strong><br>\u0218ef de lucr\u0103ri &#8211; Universitatea Politehnica din Bucure\u0219ti<br>Responsabil recrutare \u0219i monitorizare grup \u021bint\u0103 (GT)<br><strong>nicoleta.arghira@upb.ro<\/strong><\/p>\n\n\n\n<p><\/p>\n\n\n\n<p><span style=\"color:#a30000\" class=\"has-inline-color\"><strong>Invitatie de participare la cursul complementar<\/strong> <strong>\u201cManagementul Proiectarii Sistemelor de Conducere automata (MPSCAI)\u201d<\/strong><\/span><\/p>\n\n\n\n<p>Dragi studenti,<\/p>\n\n\n\n<p>Va invitam sa participati la cursul complementar <strong><em><span class=\"has-inline-color has-blue-color\">\u201cManagementul Proiectarii Sistemelor de Conducere automata (MPSCAI)\u201d<\/span><\/em><\/strong> care va avea loc <strong><em><span class=\"has-inline-color has-blue-color\">miercurea<\/span><\/em><\/strong> in intervalul orar <span class=\"has-inline-color has-blue-color\"><strong><em>16-20<\/em><\/strong> <\/span>incepand cu data de <strong><em><span class=\"has-inline-color has-blue-color\">19.05.2021<\/span><\/em><\/strong>. Cursul se va desfasura in cadrul acestui proiect.<\/p>\n\n\n\n<p>Cursul se va desfasura pe parcursul a <strong><span class=\"has-inline-color has-blue-color\">5 saptamani<\/span><\/strong> avand <strong><span class=\"has-inline-color has-blue-color\">2 module<\/span>:<\/strong><\/p>\n\n\n\n<ol type=\"1\"><li><strong><em><span class=\"has-inline-color has-blue-color\">Proiectare a instalatiilor electrice de automatizare<\/span><\/em><\/strong><\/li><li><strong><em><span class=\"has-inline-color has-blue-color\">Implementarea solutiilor moderne de automatizare utilizand automate programabile<\/span><\/em><\/strong><\/li><\/ol>\n\n\n\n<p>In primele <span class=\"has-inline-color has-blue-color\"><strong><em>3 saptamani<\/em><\/strong> <\/span>se va desfasura modulul de <span class=\"has-inline-color has-blue-color\"><strong><em>Proiectare a instalatiilor electrice de automatizare<\/em><\/strong> <\/span>utilizand softul <strong><em><span class=\"has-inline-color has-blue-color\">Eplan Electric P8<\/span><\/em><\/strong>. In urma parcurgerii si insusirii cunostintelor aferente modulului complementar, studentii vor avea urmatoarele competente:<\/p>\n\n\n\n<ul><li>Identificarea <strong><span class=\"has-inline-color has-blue-color\"><em>principalelor simboluri utilizate in schemele de automatizare<\/em>.<\/span><\/strong><\/li><li>Cunoasterea <strong><em><span class=\"has-inline-color has-blue-color\">principiilor de functionare ale principalelor tipuri de elemente de comutatie utilizate in schemele electrice<\/span><\/em><\/strong> (contactoare si relee electromagnetice, relee de timp, intrerupatoare pentru protectia motoarelor, sigurante automate etc.).<\/li><li><strong><em><span class=\"has-inline-color has-blue-color\">Interpretarea unei scheme electrice de automatizare<\/span>.<\/em><\/strong><\/li><li>Dobandirea de cunostiinte de utilizare a principalelor <strong><em><span class=\"has-inline-color has-blue-color\">principii de proiectare a schemelor electrice<\/span><\/em><\/strong> (automentinere, interblocare etc).<\/li><li><strong><em><span class=\"has-inline-color has-blue-color\">Proiectarea de la zero schemele de forta si de comanda pe baza unui scenariu de lucru<\/span><\/em><\/strong><em> <\/em>dupa care trebuie sa functioneze o instalatie industriala.<\/li><\/ul>\n\n\n\n<p>In ultimele <strong><em><span class=\"has-inline-color has-blue-color\">2 saptamani<\/span><\/em><\/strong> se va desfasura modulul de <strong><em><span class=\"has-inline-color has-blue-color\">Implementarea solutiilor moderne de automatizare utilizand automate programabile<\/span> <\/em><\/strong>cu aplicatii pe softul <strong><em>PCWorx \u2013 <\/em><\/strong>aferent automatelor programabile de la <strong><em>Phoenix Contact<\/em><\/strong>. In urma parcurgerii si insusirii cunostintelor aferente modulului complementar, studentii vor avea urmatoarele competente:<\/p>\n\n\n\n<ul><li>Implementarea functiilor de baza utilizand automate programabile<\/li><li>Implementare comenzi binare utilizand automate programabile<\/li><li>Sinteza buclelor de reglare utilizand automate programabile<\/li><\/ul>\n\n\n\n<p>Va asteptam cu drag!<br>Vasile CALOFIR<br>Iulia STAMATESCU<\/p>\n\n\n\n<p><\/p>\n\n\n\n<p><\/p>\n\n\n\n<p><\/p>\n","protected":false},"excerpt":{"rendered":"<p>Despreproiect Partenerul P2 Obiective proiect Activitati eligibile Grup tinta Contact Cod SMIS proiect: 124651 Ax\u0103 prioritar\u0103: 6: \u201eEduca\u021bie \u015fi competen\u0163e\u201d OIR\/OI responsabil: OI POCU MEC Proiectul \u201eAtragerea de candida\u021bi (viitori studen\u021bi) la \u00eenv\u0103\u021b\u0103m\u00e2ntul ter\u021biar universitar ingineresc si preg\u0103tirea lor pentru cerin\u021bele pie\u021bei muncii actuale\u201d are obiectivul principal de&nbsp;cre\u0219tere a accesului \u0219i echit\u0103\u021bii \u00een \u00eenv\u0103\u021b\u0103m\u00e2ntul superior [&hellip;]<\/p>\n","protected":false},"author":1,"featured_media":0,"parent":0,"menu_order":0,"comment_status":"closed","ping_status":"closed","template":"","meta":{"jetpack_post_was_ever_published":false},"jetpack_sharing_enabled":true,"jetpack_shortlink":"https:\/\/wp.me\/P3IZHU-1ax","_links":{"self":[{"href":"https:\/\/shiva.pub.ro\/en\/wp-json\/wp\/v2\/pages\/4497"}],"collection":[{"href":"https:\/\/shiva.pub.ro\/en\/wp-json\/wp\/v2\/pages"}],"about":[{"href":"https:\/\/shiva.pub.ro\/en\/wp-json\/wp\/v2\/types\/page"}],"author":[{"embeddable":true,"href":"https:\/\/shiva.pub.ro\/en\/wp-json\/wp\/v2\/users\/1"}],"replies":[{"embeddable":true,"href":"https:\/\/shiva.pub.ro\/en\/wp-json\/wp\/v2\/comments?post=4497"}],"version-history":[{"count":47,"href":"https:\/\/shiva.pub.ro\/en\/wp-json\/wp\/v2\/pages\/4497\/revisions"}],"predecessor-version":[{"id":5024,"href":"https:\/\/shiva.pub.ro\/en\/wp-json\/wp\/v2\/pages\/4497\/revisions\/5024"}],"wp:attachment":[{"href":"https:\/\/shiva.pub.ro\/en\/wp-json\/wp\/v2\/media?parent=4497"}],"curies":[{"name":"wp","href":"https:\/\/api.w.org\/{rel}","templated":true}]}}