{"id":4310,"date":"2020-06-15T06:17:44","date_gmt":"2020-06-15T06:17:44","guid":{"rendered":"http:\/\/shiva.pub.ro\/?page_id=4310"},"modified":"2020-11-03T18:45:55","modified_gmt":"2020-11-03T18:45:55","slug":"obiective-proiect","status":"publish","type":"page","link":"https:\/\/shiva.pub.ro\/en\/obiective-proiect\/","title":{"rendered":"Obiective proiect"},"content":{"rendered":"\n<meta name=\"viewport\" content=\"width=device-width, initial-scale=1\">\n\n\n\n<style>\nbody {\n  margin: 0;\n  font-family: Arial, Helvetica, sans-serif;\n}\n\n.topnav {\n  overflow: hidden;\n  background-color: #333;\n}\n\n.topnav a {\n  float: left;\n  color: #f2f2f2;\n  text-align: center;\n  padding: 14px 16px;\n  text-decoration: none;\n  font-size: 14px;\n}\n\n.topnav a:hover {\n  background-color: #ddd;\n  color: black;\n}\n\n.topnav a.active {\nbackground-color: #4CAF50;\n  color: white;\n}\n<\/style>\n\n\n\n<div class=\"topnav\">\n  <a href=\"https:\/\/shiva.pub.ro\/pocu124651upb\/\">Despre<br>proiect<\/a>  \n  <a href=\"https:\/\/shiva.pub.ro\/pocu124651upb-despre\/\">Partenerul<br> P2<\/a>\n  <a href=\"https:\/\/shiva.pub.ro\/obiective-proiect\/\">Obiective<br> proiect<\/a>\n  <a href=\"https:\/\/shiva.pub.ro\/activitati-eligibile\/\">Activitati<br> eligibile<\/a>\n  <a href=\"https:\/\/shiva.pub.ro\/pocu124651grup-tinta\/\">Grup<br> tinta<\/a>\n  <a href=\"https:\/\/shiva.pub.ro\/contactpocu124651\/\">Contact<br><\/a>\n<\/div>\n\n\n\n<p><\/p>\n\n\n\n<p><strong><span style=\"color:#ff0000\" class=\"has-inline-color\">Obiectivul general<\/span> <\/strong>al proiectului \u201c<em><span style=\"color:#ff0000\" class=\"has-inline-color\">Atragerea de candidati (viitori studenti) la invatamantul tertiar universitar ingineresc si pregatirea lor pentru cerintele pietei muncii actuale<\/span><\/em>\u201c const\u0103 \u00een cre\u0219terea accesului \u0219i echit\u0103\u021bii \u00een \u00eenv\u0103\u021b\u0103m\u00e2ntul superior din Rom\u00e2nia (adres\u00e2ndu-se \u00een acest sens unui grup \u021bint\u0103 de <strong>500 persoane<\/strong> \u2013 din care <strong>100 elevi<\/strong> \u0219i <strong>400 studen\u021bi<\/strong>), \u00een vederea diminu\u0103rii ratei de abandon al studiilor, prin asigurarea de <strong>sprijin financiar<\/strong> unui num\u0103r de <strong>60 studen\u021bi<\/strong> apar\u021bin\u00e2nd categoriilor vulnerabile \u0219i prin cre\u0219terea atractivit\u0103\u021bii ofertelor educa\u021bionale complementare dezvoltate prin proiect (<strong>5 oferte educa\u021bionale complementare noi \u0219i\/sau \u00eembun\u0103t\u0103\u021bite<\/strong>), \u00een special \u00een ceea ce prive\u0219te antreprenoriatul, corelat cu <strong>\u00eembun\u0103t\u0103\u021birea competen\u021belor a unui num\u0103r de 84 cadre didactice<\/strong> din universit\u0103\u021bile partenere implicate \u00een proiect.<\/p>\n\n\n\n<p><strong><span style=\"color:#ff0000\" class=\"has-inline-color\">Obiectivele specifice ale proiectului sunt:<\/span><\/strong><\/p>\n\n\n\n<p><strong><span style=\"color:#ff0000\" class=\"has-inline-color\">O.S.1<\/span><\/strong> \u2013 Cre\u0219terea accesului \u0219i particip\u0103rii la \u00eenv\u0103\u021b\u0103m\u00e2ntul ter\u021biar universitar a unui grup \u021bint\u0103 de 400 de studen\u021bi, organizat \u00een cadrul institu\u021biilor de \u00eenv\u0103\u021b\u0103m\u00e2nt superior partenere \u00een proiect, respectiv cre\u0219terea echit\u0103\u021bii pentru cei care provin din grupuri vulnerabile;<\/p>\n\n\n\n<p><span style=\"color:#ff0000\" class=\"has-inline-color\"><strong>O.S. 2<\/strong> <\/span>&#8211; Sprijinirea accesului la \u00eenv\u0103\u021b\u0103m\u00e2ntul ter\u021biar pentru un grup \u021bint\u0103 de 100 elevi de liceu, prin derularea de activit\u0103\u021bi comune de c\u0103tre personalul didactic \u0219i acest G\u021a \u2013 realizare de ateliere de preg\u0103tire cu elevii de liceu pentru a cre\u0219te rata de promovabilitate la bacalaureat;<\/p>\n\n\n\n<p><strong><span style=\"color:#ff0000\" class=\"has-inline-color\">O.S. 3<\/span><\/strong> \u2013 Derularea unui num\u0103r de 5 campanii de con\u0219tientizare (de tipul atelierelor de lucru) cu diver\u0219i reprezentan\u021bi relevan\u021bi ai G\u021a abordat prin proiect \u0219i\/sau partenerii din proiect \u0219i o \u00eent\u00e2lnire organizat\u0103 cu reprezentan\u021bi din mediul privat relevant domeniilor \u00een care vor fi&nbsp; dezvoltate \u0219i\/sau \u00eembun\u0103t\u0103\u021bire ofertele educa\u021bionale, \u00een vederea cre\u0219terii ratei de participare la \u00eenv\u0103\u021b\u0103m\u00e2ntul ter\u021biar \u0219i pentru a promova \u00een r\u00e2ndul G\u021a beneficiile pe care le ofer\u0103 educa\u021bia de nivel superior privitor la \u0219ansele ocup\u0103rii unui viitor loc de munc\u0103;<\/p>\n\n\n\n<p><strong><span style=\"color:#ff0000\" class=\"has-inline-color\">O.S. 4<\/span><\/strong> &#8211; Instituirea \u0219i utilizarea unor pachete integrate de m\u0103suri de sprijin financiar, prin furnizarea Bursei Student Antreprenor acordat\u0103 c\u0103tre un num\u0103r de 60 studen\u021bi defavoriza\u021bi, pe parcursul ultimelor 3 semestre de studii de licen\u021b\u0103;<\/p>\n\n\n\n<p><strong><span style=\"color:#ff0000\" class=\"has-inline-color\">O.S. 5<\/span><\/strong> \u2013 \u00cembun\u0103t\u0103\u021birea nivelului de competen\u021be a 84 cadre didactice din \u00eenv\u0103\u021b\u0103m\u00e2ntul superior, organizat \u00een cadrul institu\u021biilor de \u00eenv\u0103\u021b\u0103m\u00e2nt superior partenere \u00een proiect;<\/p>\n\n\n\n<p><strong><span style=\"color:#ff0000\" class=\"has-inline-color\">O.S. 6<\/span><\/strong> &#8211; Dezvoltarea unui num\u0103r de 5 oferte educa\u021bionale complementare (noi \u0219i\/sau \u00eembun\u0103t\u0103\u021bite), av\u00e2nd con\u021binut inovator \u00een \u00eenv\u0103\u021b\u0103m\u00e2ntul ter\u021biar universitar, prin corelarea cu nevoile pie\u021bei muncii din sectoare economice competitive;<\/p>\n\n\n\n<p><strong><span style=\"color:#ff0000\" class=\"has-inline-color\">O.S. 7<\/span><\/strong> \u2013 Implicarea partenerului social din mediul privat &#8211; Omega Trust &#8211; \u00een vederea dezvolt\u0103rii ofertelor educa\u021bionale noi \u0219i\/sau \u00eembun\u0103t\u0103\u021bite prin proiect, cu o predominant\u0103 component\u0103 aplicativ\u0103, corelat\u0103 nevoilor pie\u021bei muncii din sectoare economice abordate prin proiect;<\/p>\n\n\n\n<p><strong><span style=\"color:#ff0000\" class=\"has-inline-color\">O.S. 8<\/span><\/strong> \u2013 Promovarea unui mediu inovativ \u0219i performant de \u00eenv\u0103\u021bare \u00een institu\u021biile de \u00eenv\u0103\u021b\u0103m\u00e2nt partenere, prin proiectarea \u0219i derularea de cursuri antreprenoriale complementare c\u0103tre grupul \u021bint\u0103, inclusiv furnizarea acestora \u00een medii online prin includerea de resurse noi \u0219i flexible de \u00eenv\u0103\u021bare (con\u021binut didactic \u00een versiune eBook \u0219i\/sau studii de caz inspirate din practica real\u0103 \u0219i\/sau exerci\u021bii aplicative etc.), derulate de universit\u0103\u021bile partenere al\u0103turi de partenerul social privat atras \u00een proiect.<\/p>\n","protected":false},"excerpt":{"rendered":"<p>Despreproiect Partenerul P2 Obiective proiect Activitati eligibile Grup tinta Contact Obiectivul general al proiectului \u201cAtragerea de candidati (viitori studenti) la invatamantul tertiar universitar ingineresc si pregatirea lor pentru cerintele pietei muncii actuale\u201c const\u0103 \u00een cre\u0219terea accesului \u0219i echit\u0103\u021bii \u00een \u00eenv\u0103\u021b\u0103m\u00e2ntul superior din Rom\u00e2nia (adres\u00e2ndu-se \u00een acest sens unui grup \u021bint\u0103 de 500 persoane \u2013 din [&hellip;]<\/p>\n","protected":false},"author":1,"featured_media":0,"parent":0,"menu_order":0,"comment_status":"closed","ping_status":"closed","template":"","meta":{"jetpack_post_was_ever_published":false},"jetpack_sharing_enabled":true,"jetpack_shortlink":"https:\/\/wp.me\/P3IZHU-17w","_links":{"self":[{"href":"https:\/\/shiva.pub.ro\/en\/wp-json\/wp\/v2\/pages\/4310"}],"collection":[{"href":"https:\/\/shiva.pub.ro\/en\/wp-json\/wp\/v2\/pages"}],"about":[{"href":"https:\/\/shiva.pub.ro\/en\/wp-json\/wp\/v2\/types\/page"}],"author":[{"embeddable":true,"href":"https:\/\/shiva.pub.ro\/en\/wp-json\/wp\/v2\/users\/1"}],"replies":[{"embeddable":true,"href":"https:\/\/shiva.pub.ro\/en\/wp-json\/wp\/v2\/comments?post=4310"}],"version-history":[{"count":12,"href":"https:\/\/shiva.pub.ro\/en\/wp-json\/wp\/v2\/pages\/4310\/revisions"}],"predecessor-version":[{"id":4585,"href":"https:\/\/shiva.pub.ro\/en\/wp-json\/wp\/v2\/pages\/4310\/revisions\/4585"}],"wp:attachment":[{"href":"https:\/\/shiva.pub.ro\/en\/wp-json\/wp\/v2\/media?parent=4310"}],"curies":[{"name":"wp","href":"https:\/\/api.w.org\/{rel}","templated":true}]}}