{"id":4278,"date":"2020-06-13T12:42:31","date_gmt":"2020-06-13T12:42:31","guid":{"rendered":"http:\/\/shiva.pub.ro\/?page_id=4278"},"modified":"2022-10-26T06:27:58","modified_gmt":"2022-10-26T06:27:58","slug":"pocu124651upb","status":"publish","type":"page","link":"https:\/\/shiva.pub.ro\/en\/pocu124651upb\/","title":{"rendered":"Despre Proiect"},"content":{"rendered":"\n<meta name=\"viewport\" content=\"width=device-width, initial-scale=1\">\n\n\n\n<style>\nbody {\n  margin: 0;\n  font-family: Arial, Helvetica, sans-serif;\n}\n\n.topnav {\n  overflow: hidden;\n  background-color: #333;\n}\n\n.topnav a {\n  float: left;\n  color: #f2f2f2;\n  text-align: center;\n  padding: 14px 16px;\n  text-decoration: none;\n  font-size: 14px;\n}\n\n.topnav a:hover {\n  background-color: #ddd;\n  color: black;\n}\n\n.topnav a.active {\nbackground-color: #4CAF50;\n  color: white;\n}\n<\/style>\n\n\n\n<div class=\"topnav\">\n  <a href=\"https:\/\/shiva.pub.ro\/pocu124651upb\/\">Despre<br>proiect<\/a>  \n  <a href=\"https:\/\/shiva.pub.ro\/pocu124651upb-despre\/\">Partenerul<br> P2<\/a>\n  <a href=\"https:\/\/shiva.pub.ro\/obiective-proiect\/\">Obiective<br> proiect<\/a>\n  <a href=\"https:\/\/shiva.pub.ro\/activitati-eligibile\/\">Activitati<br> eligibile<\/a>\n  <a href=\"https:\/\/shiva.pub.ro\/pocu124651grup-tinta\/\">Grup<br> tinta<\/a>\n  <a href=\"https:\/\/shiva.pub.ro\/contactpocu124651\/\">Contact<br>   <\/a>\n<\/div>\n\n\n\n<p><\/p>\n\n\n\n<p>Proiect se numeste<strong> \u201e<strong><span style=\"color:#ff0000\" class=\"has-inline-color\">Atragerea de candidati (viitori studenti) la invatamantul tertiar universitar ingineresc si pregatirea lor pentru cerintele pietei muncii actuale<\/span><\/strong>\u201d <\/strong>si este cofinan\u0163at din <strong>Fondul Social European prin Programul Opera\u0163ional Capital Uman 2014-2020<\/strong>. <br><br>Face parte din axa prioritar\u0103 6 \u201e<strong><span class=\"has-inline-color has-dark-gray-color\">Educa\u0163ie \u015fi competen\u0163e<\/span><\/strong>\u201d si se identifica prin codul <strong>POCU\/379\/6\/21\/124651<\/strong><br><br>Proiectul este realizat intr-un consor\u021biu format din <br> &#8211; <strong><strong><a href=\"http:\/\/www.utcb.ro\/utcb\/\">Universitatea Tehnic\u0103 de Construc\u021bii Bucure\u0219ti<\/a><\/strong><\/strong> <br>ca si <strong>coordonator <\/strong>si<br>\u2013&nbsp;<strong><a href=\"http:\/\/www.upb.ro\/\">Universitatea Politehnica din Bucure\u0219ti <\/a><br><\/strong>\u2013&nbsp;<strong><a href=\"https:\/\/www.ugal.ro\/\">Universitatea \u201eDunarea de Jos\u201d din Galati <\/a><br><\/strong>\u2013<strong>&nbsp;<a href=\"https:\/\/usv.ro\/\">Universitatea \u201cStefan cel Mare\u201d din Suceava <\/a><br><\/strong>\u2013<strong>&nbsp;<a href=\"https:\/\/www.uoradea.ro\/Universitatea+din+Oradea\">Universitatea din Oradea <\/a><br><\/strong>\u2013&nbsp;<strong><a href=\"http:\/\/www.omega-trust.ro\/\">Omega Trust SRL <\/a><\/strong><br>ca si <strong>parteneri<\/strong>.<\/p>\n\n\n\n<p>Universitatea Politehnica din Bucure\u0219ti este partener \u00een cadrul proiectului cu titlul \u201e<strong>Atragerea de candida\u021bi (viitori studen\u021bi) la \u00eenv\u0103\u021b\u0103m\u00e2ntul ter\u021biar universitar ingineresc \u0219i preg\u0103tirea lor pentru cerin\u021bele pie\u021bei muncii actuale<\/strong>\u201d, cod MySMIS <em>POCU\/379\/6\/21\/124651<\/em>.<\/p>\n\n\n\n<figure class=\"wp-block-image size-large\"><a href=\"https:\/\/shiva.pub.ro\/wp-content\/uploads\/2022\/07\/Banner-conf-inchidere-124651.png\"><img decoding=\"async\" loading=\"lazy\" width=\"1024\" height=\"846\" src=\"https:\/\/shiva.pub.ro\/wp-content\/uploads\/2022\/07\/Banner-conf-inchidere-124651-1024x846.png\" alt=\"\" class=\"wp-image-4860\" srcset=\"https:\/\/shiva.pub.ro\/wp-content\/uploads\/2022\/07\/Banner-conf-inchidere-124651-1024x846.png 1024w, https:\/\/shiva.pub.ro\/wp-content\/uploads\/2022\/07\/Banner-conf-inchidere-124651-300x248.png 300w, https:\/\/shiva.pub.ro\/wp-content\/uploads\/2022\/07\/Banner-conf-inchidere-124651-768x634.png 768w, https:\/\/shiva.pub.ro\/wp-content\/uploads\/2022\/07\/Banner-conf-inchidere-124651-1536x1269.png 1536w, https:\/\/shiva.pub.ro\/wp-content\/uploads\/2022\/07\/Banner-conf-inchidere-124651-624x515.png 624w, https:\/\/shiva.pub.ro\/wp-content\/uploads\/2022\/07\/Banner-conf-inchidere-124651.png 1838w\" sizes=\"(max-width: 1024px) 100vw, 1024px\" \/><\/a><\/figure>\n\n\n\n<p>V\u0103 invit\u0103m pe data la Conferin\u021ba de \u00eenchidere a activit\u0103\u021bilor proiectului care se va desf\u0103\u0219ura pe data de <strong>20.07.2022<\/strong>, \u00eencep\u00e2nd cu ora <strong>12:00<\/strong>, la sediului Liderului de proiect \u2013 Universitatea Tehnic\u0103 de Construc\u021bii Bucure\u0219ti, din bd. Lacul Tei, nr. 122-124.<\/p>\n\n\n\n<p><strong>Obiectivul general <\/strong>al proiectului este <em>cre\u0219terea accesului \u0219i echit\u0103\u021bii \u00een \u00eenv\u0103\u021b\u0103m\u00e2ntul superior din Rom\u00e2nia, \u00een vederea diminu\u0103rii ratei de abandon al studiilor, prin asigurarea de sprijin financiar unui num\u0103r de 60 studen\u021bi apar\u021bin\u00e2nd categoriilor vulnerabile \u0219i prin cre\u0219terea atractivit\u0103\u021bii ofertelor educa\u021bionale complementare dezvoltate prin proiect \u00een special \u00een ceea ce prive\u0219te antreprenorialul<\/em>.<\/p>\n\n\n\n<p>\u00cen cadrul proiectului, Lider de parteneriat este <strong>Universitatea Tehnic\u0103 de Construc\u021bii Bucure\u0219ti (UTCB)\u200b,<\/strong> iar partenerii sunt: <em>Universitatea Politehnica din Bucure\u0219ti<\/em>, <em>Universitatea \u201eDun\u0103rea de Jos\u201d din Gala\u021bi<\/em>, <em>Universitatea \u201cStefan cel Mare\u201d din Suceava<\/em>, <em>Universitatea din Oradea<\/em> si <em>S.C. Omega Trust S.R.L.<\/em><\/p>\n\n\n\n<figure class=\"wp-block-image size-large\"><img decoding=\"async\" src=\"https:\/\/shiva.pub.ro\/wp-content\/uploads\/2022\/07\/124651-Conferinta-inchidere-comunicat-presa.png\" alt=\"\"\/><\/figure>\n\n\n\n<p><\/p>\n\n\n\n<p><\/p>\n","protected":false},"excerpt":{"rendered":"<p>Despreproiect Partenerul P2 Obiective proiect Activitati eligibile Grup tinta Contact Proiect se numeste \u201eAtragerea de candidati (viitori studenti) la invatamantul tertiar universitar ingineresc si pregatirea lor pentru cerintele pietei muncii actuale\u201d si este cofinan\u0163at din Fondul Social European prin Programul Opera\u0163ional Capital Uman 2014-2020. Face parte din axa prioritar\u0103 6 \u201eEduca\u0163ie \u015fi competen\u0163e\u201d si se [&hellip;]<\/p>\n","protected":false},"author":1,"featured_media":0,"parent":0,"menu_order":0,"comment_status":"closed","ping_status":"closed","template":"","meta":{"jetpack_post_was_ever_published":false},"jetpack_sharing_enabled":true,"jetpack_shortlink":"https:\/\/wp.me\/P3IZHU-170","_links":{"self":[{"href":"https:\/\/shiva.pub.ro\/en\/wp-json\/wp\/v2\/pages\/4278"}],"collection":[{"href":"https:\/\/shiva.pub.ro\/en\/wp-json\/wp\/v2\/pages"}],"about":[{"href":"https:\/\/shiva.pub.ro\/en\/wp-json\/wp\/v2\/types\/page"}],"author":[{"embeddable":true,"href":"https:\/\/shiva.pub.ro\/en\/wp-json\/wp\/v2\/users\/1"}],"replies":[{"embeddable":true,"href":"https:\/\/shiva.pub.ro\/en\/wp-json\/wp\/v2\/comments?post=4278"}],"version-history":[{"count":36,"href":"https:\/\/shiva.pub.ro\/en\/wp-json\/wp\/v2\/pages\/4278\/revisions"}],"predecessor-version":[{"id":4970,"href":"https:\/\/shiva.pub.ro\/en\/wp-json\/wp\/v2\/pages\/4278\/revisions\/4970"}],"wp:attachment":[{"href":"https:\/\/shiva.pub.ro\/en\/wp-json\/wp\/v2\/media?parent=4278"}],"curies":[{"name":"wp","href":"https:\/\/api.w.org\/{rel}","templated":true}]}}