{"id":4241,"date":"2020-06-10T14:56:41","date_gmt":"2020-06-10T14:56:41","guid":{"rendered":"http:\/\/shiva.pub.ro\/?page_id=4241"},"modified":"2022-07-11T13:06:48","modified_gmt":"2022-07-11T13:06:48","slug":"pocu124651upb-despre","status":"publish","type":"page","link":"https:\/\/shiva.pub.ro\/en\/pocu124651upb-despre\/","title":{"rendered":"Partenerul P2"},"content":{"rendered":"\n<meta name=\"viewport\" content=\"width=device-width, initial-scale=1\">\n\n\n\n<style>\nbody {\n  margin: 0;\n  font-family: Arial, Helvetica, sans-serif;\n}\n\n.topnav {\n  overflow: hidden;\n  background-color: #333;\n}\n\n.topnav a {\n  float: left;\n  color: #f2f2f2;\n  text-align: center;\n  padding: 14px 16px;\n  text-decoration: none;\n  font-size: 14px;\n}\n\n.topnav a:hover {\n  background-color: #ddd;\n  color: black;\n}\n\n.topnav a.active {\nbackground-color: #4CAF50;\n  color: white;\n}\n<\/style>\n\n\n\n<div class=\"topnav\">\n  <a href=\"https:\/\/shiva.pub.ro\/pocu124651upb\/\">Despre<br>proiect<\/a>  \n  <a href=\"https:\/\/shiva.pub.ro\/pocu124651upb-despre\/\">Partenerul<br> P2<\/a>\n  <a href=\"https:\/\/shiva.pub.ro\/obiective-proiect\/\">Obiective<br> proiect<\/a>\n  <a href=\"https:\/\/shiva.pub.ro\/activitati-eligibile\/\">Activitati<br> eligibile<\/a>\n  <a href=\"https:\/\/shiva.pub.ro\/pocu124651grup-tinta\/\">Grup<br> tinta<\/a>\n  <a href=\"https:\/\/shiva.pub.ro\/contactpocu124651\/\">Contact<br>   <\/a>\n<\/div>\n\n\n\n<p><\/p>\n\n\n\n<p><a href=\"http:\/\/www.upb.ro\/\">Universitatea POLITEHNICA<\/a>&nbsp;din Bucuresti este cea mai veche si prestigioasa scoala de ingineri din Romania. Fondata \u00een 1818, Universitatea POLITEHNICA din Bucuresti (UPB), reprezinta una dintre institutiile fundamentale si de prestigiu ale invatamantului superior romanesc, fiind principala sursa pentru specialistii din Romania in domeniile de control automat, informatica, telecomunicatii, inginerie electrica, inginerie mecanica si inginerie chimica. Pe langa performanta din invatamant, cea de cercetare stiintifica reprezinta o componenta obligatorie pentru personalul academic. Aceasta activitate se desfasoara \u00een departamentele din facultati sau in cadrul centrelor de cercetare distincte.<\/p>\n\n\n\n<p><a href=\"http:\/\/www.acs.pub.ro\/\">Facultatea de Automatica si Calculatoare<\/a>&nbsp;ofera educatie profesionala in urmatoarele domenii: structura si arhitectura sistemelor de calcul, microprocesoare, sisteme software, inteligenta artificiala, precum si ingineria sistemelor de reglare, comanda, conducere, roboti si sisteme flexibile de fabricatie , bioinginerie, automatizari industriale.<\/p>\n\n\n\n<p>Membrii personalului implicat in proiect fac parte din unul din cele doua Departamente din domeniul Ingineriei sistemelor existente in cadrul facultatii de Automatica si Calculatoare si anume din cadrul&nbsp;<a href=\"http:\/\/www.aii.pub.ro\/\">Departamentul Automatica si Informatica Industriala<\/a>.<\/p>\n\n\n\n<p>Echipa UPB va participa la toate activitatile proiectului. Din cadrul echipei de implementare al partenerului 2 fac parte urmatoarele perosane:<\/p>\n\n\n\n<style>\ntable, tr, td {border: 1px dashed #b2b2b2; vertical-align: middle; text-align: center}\n<\/style>\n<\/head>\n<body>\n\n<table>\n<thead>\n<th style=\"background-color:#ff9966\" colspan=\"3\"><span style=\"color:#343434\">ECHIPA DE IMPLEMENTARE PROIECT<\/span> <\/th>\n<\/thead>\n  <tr>\n    <td >1<\/td>\n    <td >Responsabil proiect P2<\/td>\n    <td ><a href=\"https:\/\/shiva.pub.ro\/despre\/membri\/prof_ioana\/\">FAGARASAN Ioana<\/a>\u00a0<\/td>\n  <\/tr>\n  <tr>\n    <td >2<\/td>\n    <td >Expert analiza continut educational programe studii existente<\/td>\n    <td ><a href=\"https:\/\/shiva.pub.ro\/new\/wp-content\/uploads\/2016\/01\/CVIliescu_pdf.pdf\">Sergiu Stelian ILIESCU<\/a>\u00a0<\/td>\n  <\/tr>\n  <tr>\n    <td >3<\/td>\n    <td >Responsabil recrutare si monitorizare grup tinta (GT)<\/td>\n    <td ><a href=\"https:\/\/shiva.pub.ro\/despre\/membri\/cv-nicoleta-arghira\/\">Nicoleta ARGHIRA<\/a><\/td>\n  <\/tr>\n  <tr>\n    <td >4<\/td>\n    <td >Expert proiectare curriculum educa\u021bional nou<\/td>\n    <td ><a href=\"https:\/\/shiva.pub.ro\/despre\/membri\/iulia-stamatescu-2\/\">Iulia STAMATESCU<\/a><\/td>\n  <\/tr>\n  <tr>\n    <td >5<\/td>\n    <td >Expert comunicare \u0219i informare<\/td>\n    <td ><a href=\"https:\/\/shiva.pub.ro\/despre\/membri\/vasile-calofir\/\">Vasile CALOFIR<\/a><\/td>\n  <\/tr>\n    <th style=\"background-color:#ff9966\" colspan=\"3\"><span style=\"color:#343434\">ECHIPA ADMINISTRATIVA<\/span> <\/th>\n  <tr>\n    <td >6<\/td>\n    <td >Responsabil achizitii<\/td>\n    <td >Cosmin-Andrei TONCIU<\/td>\n  <\/tr>\n<\/table>\n\n\n\n<figure class=\"wp-block-image\" id=\"block-7ee45b5d-55ce-43b4-9a77-b7baaefbba4a\"><img decoding=\"async\" src=\"https:\/\/shiva.pub.ro\/wp-content\/uploads\/2020\/10\/Banner-Electronic-336x280_MFE-1-1024x854.jpg\" alt=\"Aceast\u0103 imagine are atributul alt gol; numele fi\u0219ierului este Banner-Electronic-336x280_MFE-1-1024x854.jpg\"\/><\/figure>\n\n\n\n<p id=\"block-22cf7576-bfb7-4750-89ac-e2522ae6e93e\">V\u0103 invit\u0103m pe data de<strong> 22.10.2020<\/strong>, ora <strong>14:00<\/strong>, la <strong>Conferin\u021ba de deschidere a proiectului POCU\/379\/6\/21\/124651<\/strong>, care se va desf\u0103\u0219ura \u00een mediul online, prin intermediul platformei <strong>Microsoft Teams<\/strong>. Persoanele interesate pot participa la eveniment utiliz\u00e2nd codul de acces \u201e<em>y2gpi8d<\/em>\u201d \u0219i acces\u00e2nd link-ul&nbsp;: <a href=\"https:\/\/teams.microsoft.com\/l\/channel\/19%3a932cc13e20104c719c995755b5e6230e%40thread.tacv2\/Conferinta%2520de%2520deschidere%2520-%2520POCU%2520124651?groupId=a1 2c0243-4da6-42df-8985-46f6ab59cbc1&amp;tenantId=d2cf5b37-3934-4c3a-8702-576fe8545eaa\">https:\/\/teams.microsoft.com\/l\/channel\/19%3a932cc13e20104c719c995755b5e6230e%40thread.tacv2\/Conferinta%2520de%2520deschidere%2520-%2520POCU%2520124651?groupId=a1 2c0243-4da6-42df-8985-46f6ab59cbc1&amp;tenantId=d2cf5b37-3934-4c3a-8702-576fe8545eaa<\/a><\/p>\n\n\n\n<p id=\"block-1424b356-91e2-4c23-83f2-da85b8a07e1a\"><strong>Obiectivul general <\/strong>al proiectului este <em>cre\u0219terea accesului \u0219i echit\u0103\u021bii \u00een \u00eenv\u0103\u021b\u0103m\u00e2ntul superior din Rom\u00e2nia, \u00een vederea diminu\u0103rii ratei de abandon al studiilor, prin asigurarea de sprijin financiar unui num\u0103r de 60 studen\u021bi apar\u021bin\u00e2nd categoriilor vulnerabile \u0219i prin cre\u0219terea atractivit\u0103\u021bii ofertelor educa\u021bionale complementare dezvoltate prin proiect \u00een special \u00een ceea ce prive\u0219te antreprenorialul<\/em>.<\/p>\n\n\n\n<p id=\"block-2bd97a55-12bd-4773-a757-5b181bc5d081\">\u00cen cadrul proiectului, Lider de parteneriat este <strong>Universitatea Tehnic\u0103 de Construc\u021bii Bucure\u0219ti (UTCB)\u200b,<\/strong> iar partenerii sunt: <em>Universitatea Politehnica din Bucure\u0219ti<\/em>, <em>Universitatea \u201eDun\u0103rea de Jos\u201d din Gala\u021bi<\/em>, <em>Universitatea \u201cStefan cel Mare\u201d din Suceava<\/em>, <em>Universitatea din Oradea<\/em> si <em>S.C. Omega Trust S.R.L.<\/em><\/p>\n\n\n\n<figure class=\"wp-block-image\" id=\"block-35b03bc1-db2d-4f1e-8e1d-b0efc18e8ff2\"><img decoding=\"async\" src=\"https:\/\/shiva.pub.ro\/wp-content\/uploads\/2020\/10\/Comunicat-de-Presa_Conf_deschidere_124651-724x1024.jpg\" alt=\"Aceast\u0103 imagine are atributul alt gol; numele fi\u0219ierului este Comunicat-de-Presa_Conf_deschidere_124651-724x1024.jpg\"\/><\/figure>\n","protected":false},"excerpt":{"rendered":"<p>Despreproiect Partenerul P2 Obiective proiect Activitati eligibile Grup tinta Contact Universitatea POLITEHNICA&nbsp;din Bucuresti este cea mai veche si prestigioasa scoala de ingineri din Romania. Fondata \u00een 1818, Universitatea POLITEHNICA din Bucuresti (UPB), reprezinta una dintre institutiile fundamentale si de prestigiu ale invatamantului superior romanesc, fiind principala sursa pentru specialistii din Romania in domeniile de control [&hellip;]<\/p>\n","protected":false},"author":1,"featured_media":0,"parent":0,"menu_order":0,"comment_status":"closed","ping_status":"closed","template":"","meta":{"jetpack_post_was_ever_published":false},"jetpack_sharing_enabled":true,"jetpack_shortlink":"https:\/\/wp.me\/P3IZHU-16p","_links":{"self":[{"href":"https:\/\/shiva.pub.ro\/en\/wp-json\/wp\/v2\/pages\/4241"}],"collection":[{"href":"https:\/\/shiva.pub.ro\/en\/wp-json\/wp\/v2\/pages"}],"about":[{"href":"https:\/\/shiva.pub.ro\/en\/wp-json\/wp\/v2\/types\/page"}],"author":[{"embeddable":true,"href":"https:\/\/shiva.pub.ro\/en\/wp-json\/wp\/v2\/users\/1"}],"replies":[{"embeddable":true,"href":"https:\/\/shiva.pub.ro\/en\/wp-json\/wp\/v2\/comments?post=4241"}],"version-history":[{"count":29,"href":"https:\/\/shiva.pub.ro\/en\/wp-json\/wp\/v2\/pages\/4241\/revisions"}],"predecessor-version":[{"id":4856,"href":"https:\/\/shiva.pub.ro\/en\/wp-json\/wp\/v2\/pages\/4241\/revisions\/4856"}],"wp:attachment":[{"href":"https:\/\/shiva.pub.ro\/en\/wp-json\/wp\/v2\/media?parent=4241"}],"curies":[{"name":"wp","href":"https:\/\/api.w.org\/{rel}","templated":true}]}}