{"id":3979,"date":"2019-11-18T16:47:28","date_gmt":"2019-11-18T16:47:28","guid":{"rendered":"https:\/\/shiva.pub.ro\/?page_id=3979"},"modified":"2019-11-21T14:57:07","modified_gmt":"2019-11-21T14:57:07","slug":"seminar-stiintific","status":"publish","type":"page","link":"https:\/\/shiva.pub.ro\/en\/seminar-stiintific\/","title":{"rendered":"Seminar \u0218tiin\u021bific"},"content":{"rendered":"\n<p>Stimate Colege, <\/p>\n\n\n\n<p>Stima\u021bi Colegi,<\/p>\n\n\n\n<p>Avem pl\u0103cerea, dar \u0219i datoria, de a v\u0103 anun\u021ba c\u0103 Vineri 22 Noiembrie a.c. orele 11<sup>00<\/sup>, \u00een sala PR406 (PRECIS, etaj IV ) se deschide <strong>Seminarul \u0218tiin\u021bific <em>Automatic\u0103 \u0219i Sisteme Informatice -concepte \u0219i tendin\u021be<\/em><\/strong>, cu urmatoarea ordine de zi:<\/p>\n\n\n\n<p><em>1.Cuv\u00e2nt de deschidere&nbsp; Prof. Emerit dr.ing.H.C. Sergiu Stelian ILIESCU<\/em><\/p>\n\n\n\n<p><em>2.Prelegerea: &#8220;Modelarea Seriilor de Timp pentru Predic\u021bia \u0219i Detec\u021bia Anomaliilor \u00een Consumul Energetic al Cl\u0103dirilor Comerciale Mari&#8221;, Conf.dr.ing. Grigore Stamatescu<\/em><\/p>\n\n\n\n<p><em>3.Discu\u021bii<\/em><\/p>\n\n\n\n<p>Aceast\u0103 agor\u0103 \u0219tiin\u021bific\u0103 a ap\u0103rut din necesitatea de informare \u0219i comunicare intra- \u0219i extra- comunit\u0103\u021bii celor care abordeaz\u0103, at\u00e2t teoretic c\u00e2t \u0219i practico-ingineresc numeroasele probleme curente, dar \u00een special de avangard\u0103 ale automaticii \u0219i informaticii aplicate, \u00eentr-o lume globalizat\u0103 aflat\u0103 \u00een continua mi\u0219care.<\/p>\n\n\n\n<p>Vom cauta s\u0103 ne informam \u0219i s\u0103 dialog\u0103m deschis \u0219i direct teme, cum ar fi: noi tehnologii de conducere, strategii \u0219i paradigme conceptuale de simulare, modelare, proiectare \u0219i implementare de sisteme de automatizare, extrasenzorialul \u0219i interac\u021biunea cu procesele fizice.<\/p>\n\n\n\n<p>Nu \u00een ultimul r\u00e2nd vom aborda aspecte concrete \u0219i practice ale \u00eenv\u0103\u021b\u0103m\u00e2ntului ingineresc de automatic\u0103 \u0219i informatic\u0103 industrial\u0103 \u00een contextul spa\u021biului european al educa\u021biei \u0219i cercet\u0103rii \u0219i nu numai.<\/p>\n\n\n\n<p>Dorim participarea al\u0103turi de cadrele didactice \u0219i a doctoranzilor, a cercet\u0103torilor \u0219i a reprezentan\u021bilor din economia real\u0103. Vom c\u0103uta s\u0103 invit\u0103m oaspe\u021bi din str\u0103inatate din universit\u0103\u021bi, institute de cercetare \u0219i firme reprezentative din economie.<\/p>\n\n\n\n<p>Miz\u0103m pe o concentrare a speciali\u0219tilor, cu scopul de a crea&nbsp; un pol universitar etic \u0219i elitist radiant al cunoa\u0219terii inginere\u0219ti de automatic\u0103.<\/p>\n","protected":false},"excerpt":{"rendered":"<p>Stimate Colege, Stima\u021bi Colegi, Avem pl\u0103cerea, dar \u0219i datoria, de a v\u0103 anun\u021ba c\u0103 Vineri 22 Noiembrie a.c. orele 1100, \u00een sala PR406 (PRECIS, etaj IV ) se deschide Seminarul \u0218tiin\u021bific Automatic\u0103 \u0219i Sisteme Informatice -concepte \u0219i tendin\u021be, cu urmatoarea ordine de zi: 1.Cuv\u00e2nt de deschidere&nbsp; Prof. Emerit dr.ing.H.C. Sergiu Stelian ILIESCU 2.Prelegerea: &#8220;Modelarea Seriilor [&hellip;]<\/p>\n","protected":false},"author":1,"featured_media":0,"parent":0,"menu_order":0,"comment_status":"closed","ping_status":"closed","template":"","meta":{"jetpack_post_was_ever_published":false},"jetpack_sharing_enabled":true,"jetpack_shortlink":"https:\/\/wp.me\/P3IZHU-12b","_links":{"self":[{"href":"https:\/\/shiva.pub.ro\/en\/wp-json\/wp\/v2\/pages\/3979"}],"collection":[{"href":"https:\/\/shiva.pub.ro\/en\/wp-json\/wp\/v2\/pages"}],"about":[{"href":"https:\/\/shiva.pub.ro\/en\/wp-json\/wp\/v2\/types\/page"}],"author":[{"embeddable":true,"href":"https:\/\/shiva.pub.ro\/en\/wp-json\/wp\/v2\/users\/1"}],"replies":[{"embeddable":true,"href":"https:\/\/shiva.pub.ro\/en\/wp-json\/wp\/v2\/comments?post=3979"}],"version-history":[{"count":5,"href":"https:\/\/shiva.pub.ro\/en\/wp-json\/wp\/v2\/pages\/3979\/revisions"}],"predecessor-version":[{"id":4007,"href":"https:\/\/shiva.pub.ro\/en\/wp-json\/wp\/v2\/pages\/3979\/revisions\/4007"}],"wp:attachment":[{"href":"https:\/\/shiva.pub.ro\/en\/wp-json\/wp\/v2\/media?parent=3979"}],"curies":[{"name":"wp","href":"https:\/\/api.w.org\/{rel}","templated":true}]}}