{"id":3829,"date":"2019-11-12T11:53:41","date_gmt":"2019-11-12T11:53:41","guid":{"rendered":"https:\/\/shiva.pub.ro\/?page_id=3829"},"modified":"2019-11-12T11:57:08","modified_gmt":"2019-11-12T11:57:08","slug":"universitatea-tehnica-de-constructii","status":"publish","type":"page","link":"https:\/\/shiva.pub.ro\/en\/universitatea-tehnica-de-constructii\/","title":{"rendered":"Facultatea de Hidrotehnic\u0103 (UTCB)"},"content":{"rendered":"\n<p class=\"has-medium-font-size\"><strong><em>Cursuri:<\/em><\/strong><\/p>\n\n\n\n<p><a href=\"http:\/\/shiva.pub.ro\/?page_id=519\">Elemente de algebra boolean\u0103 utilizate \u00een analiza \u015fi sinteza schemelor de comand\u0103 a proceselor industriale <\/a>, Licen\u021b\u0103, An II, Sem. 1<\/p>\n","protected":false},"excerpt":{"rendered":"<p>Cursuri: Elemente de algebra boolean\u0103 utilizate \u00een analiza \u015fi sinteza schemelor de comand\u0103 a proceselor industriale , Licen\u021b\u0103, An II, Sem. 1<\/p>\n","protected":false},"author":1,"featured_media":0,"parent":0,"menu_order":0,"comment_status":"closed","ping_status":"closed","template":"","meta":{"jetpack_post_was_ever_published":false},"jetpack_sharing_enabled":true,"jetpack_shortlink":"https:\/\/wp.me\/P3IZHU-ZL","_links":{"self":[{"href":"https:\/\/shiva.pub.ro\/en\/wp-json\/wp\/v2\/pages\/3829"}],"collection":[{"href":"https:\/\/shiva.pub.ro\/en\/wp-json\/wp\/v2\/pages"}],"about":[{"href":"https:\/\/shiva.pub.ro\/en\/wp-json\/wp\/v2\/types\/page"}],"author":[{"embeddable":true,"href":"https:\/\/shiva.pub.ro\/en\/wp-json\/wp\/v2\/users\/1"}],"replies":[{"embeddable":true,"href":"https:\/\/shiva.pub.ro\/en\/wp-json\/wp\/v2\/comments?post=3829"}],"version-history":[{"count":2,"href":"https:\/\/shiva.pub.ro\/en\/wp-json\/wp\/v2\/pages\/3829\/revisions"}],"predecessor-version":[{"id":3836,"href":"https:\/\/shiva.pub.ro\/en\/wp-json\/wp\/v2\/pages\/3829\/revisions\/3836"}],"wp:attachment":[{"href":"https:\/\/shiva.pub.ro\/en\/wp-json\/wp\/v2\/media?parent=3829"}],"curies":[{"name":"wp","href":"https:\/\/api.w.org\/{rel}","templated":true}]}}