{"id":3798,"date":"2019-11-12T11:40:58","date_gmt":"2019-11-12T11:40:58","guid":{"rendered":"https:\/\/shiva.pub.ro\/?page_id=3798"},"modified":"2020-01-23T10:00:54","modified_gmt":"2020-01-23T10:00:54","slug":"facultatea-de-energetica","status":"publish","type":"page","link":"https:\/\/shiva.pub.ro\/en\/facultatea-de-energetica\/","title":{"rendered":"Facultatea de Energetic\u0103"},"content":{"rendered":"\n<p class=\"has-medium-font-size\"><strong>Cursuri:<\/strong><\/p>\n\n\n\n<p class=\"has-medium-font-size\">Licen\u021b\u0103:<\/p>\n\n\n\n<p><a href=\"http:\/\/shiva.pub.ro\/?page_id=345\">Teoria Regl\u0103rii Automate<\/a> &#8211; Licen\u021b\u0103, An III, Sem. 1<br><a href=\"http:\/\/shiva.pub.ro\/?page_id=360\">Sisteme neliniare \u015fi e\u015fantionate]<\/a> &#8211; Licen\u021b\u0103, &nbsp;An III, Sem. 2<br><a href=\"http:\/\/shiva.pub.ro\/?page_id=380\">Automatiz\u0103ri<\/a> &#8211; Licen\u021b\u0103, An IV, Sem. 1<br><a href=\"http:\/\/shiva.pub.ro\/?page_id=451\">Protec\u021bii prin relee clasice \u015fi numerice<\/a> &#8211; Licen\u021b\u0103, An IV, Sem. 1<br><a href=\"http:\/\/shiva.pub.ro\/?page_id=462\">Automatizarea Proceselor Termoenergetice<\/a> &#8211; Licen\u021b\u0103, An IV, Sem 2<br><a href=\"http:\/\/shiva.pub.ro\/?page_id=481\">Conducerea \u015fi automatizarea instala\u021biilor energetice<\/a> &#8211; Licen\u021b\u0103, An IV, Sem. 2<br><a href=\"http:\/\/shiva.pub.ro\/?page_id=495\"><\/a><\/p>\n\n\n\n<p class=\"has-medium-font-size\">Master:<\/p>\n\n\n\n<p><a href=\"https:\/\/shiva.pub.ro\/cursuri\/automatizarea-proceselor-energ\/\">Automatizarea Proceselor Energetice<\/a> &#8211; Master (MS11), An I, Sem. 1<br><a href=\"http:\/\/shiva.pub.ro\/?page_id=501\">Informatizarea Proceselor Energetice<\/a> &#8211; Master (MS11), An I, Sem. 1<br><a href=\"http:\/\/shiva.pub.ro\/?page_id=510\">Structuri de conducere ierarhizat\u0103 a sistemelor electroenergetice<\/a> &#8211; Master (MS11), An1, Sem 2  <\/p>\n","protected":false},"excerpt":{"rendered":"<p>Cursuri: Licen\u021b\u0103: Teoria Regl\u0103rii Automate &#8211; Licen\u021b\u0103, An III, Sem. 1Sisteme neliniare \u015fi e\u015fantionate] &#8211; Licen\u021b\u0103, &nbsp;An III, Sem. 2Automatiz\u0103ri &#8211; Licen\u021b\u0103, An IV, Sem. 1Protec\u021bii prin relee clasice \u015fi numerice &#8211; Licen\u021b\u0103, An IV, Sem. 1Automatizarea Proceselor Termoenergetice &#8211; Licen\u021b\u0103, An IV, Sem 2Conducerea \u015fi automatizarea instala\u021biilor energetice &#8211; Licen\u021b\u0103, An IV, Sem. 2 [&hellip;]<\/p>\n","protected":false},"author":1,"featured_media":0,"parent":0,"menu_order":0,"comment_status":"closed","ping_status":"closed","template":"","meta":{"jetpack_post_was_ever_published":false},"jetpack_sharing_enabled":true,"jetpack_shortlink":"https:\/\/wp.me\/P3IZHU-Zg","_links":{"self":[{"href":"https:\/\/shiva.pub.ro\/en\/wp-json\/wp\/v2\/pages\/3798"}],"collection":[{"href":"https:\/\/shiva.pub.ro\/en\/wp-json\/wp\/v2\/pages"}],"about":[{"href":"https:\/\/shiva.pub.ro\/en\/wp-json\/wp\/v2\/types\/page"}],"author":[{"embeddable":true,"href":"https:\/\/shiva.pub.ro\/en\/wp-json\/wp\/v2\/users\/1"}],"replies":[{"embeddable":true,"href":"https:\/\/shiva.pub.ro\/en\/wp-json\/wp\/v2\/comments?post=3798"}],"version-history":[{"count":5,"href":"https:\/\/shiva.pub.ro\/en\/wp-json\/wp\/v2\/pages\/3798\/revisions"}],"predecessor-version":[{"id":4185,"href":"https:\/\/shiva.pub.ro\/en\/wp-json\/wp\/v2\/pages\/3798\/revisions\/4185"}],"wp:attachment":[{"href":"https:\/\/shiva.pub.ro\/en\/wp-json\/wp\/v2\/media?parent=3798"}],"curies":[{"name":"wp","href":"https:\/\/api.w.org\/{rel}","templated":true}]}}