{"id":3762,"date":"2019-11-12T10:31:18","date_gmt":"2019-11-12T10:31:18","guid":{"rendered":"https:\/\/shiva.pub.ro\/?page_id=3762"},"modified":"2019-11-12T13:51:52","modified_gmt":"2019-11-12T13:51:52","slug":"as-drd-ing-cristina-nichiforov","status":"publish","type":"page","link":"https:\/\/shiva.pub.ro\/en\/as-drd-ing-cristina-nichiforov\/","title":{"rendered":"As.drd.ing. Cristina Nichiforov"},"content":{"rendered":"\n<figure class=\"wp-block-image is-resized\"><img decoding=\"async\" loading=\"lazy\" src=\"https:\/\/shiva.pub.ro\/new\/wp-content\/uploads\/2019\/11\/poza-1-773x1024.jpg\" alt=\"\" class=\"wp-image-3892\" width=\"114\" height=\"151\" srcset=\"https:\/\/shiva.pub.ro\/wp-content\/uploads\/2019\/11\/poza-1-773x1024.jpg 773w, https:\/\/shiva.pub.ro\/wp-content\/uploads\/2019\/11\/poza-1-226x300.jpg 226w, https:\/\/shiva.pub.ro\/wp-content\/uploads\/2019\/11\/poza-1-768x1017.jpg 768w, https:\/\/shiva.pub.ro\/wp-content\/uploads\/2019\/11\/poza-1-624x827.jpg 624w, https:\/\/shiva.pub.ro\/wp-content\/uploads\/2019\/11\/poza-1.jpg 1703w\" sizes=\"(max-width: 114px) 100vw, 114px\" \/><\/figure>\n\n\n\n<table class=\"wp-block-table\"><tbody><tr><th>Date contact:<\/th><td>Email: cristina.nichiforov@upb.ro<br>Tel.: +4014029147<br><a href=\"https:\/\/www.linkedin.com\/feed\/\">LinkedIn<\/a><\/td><\/tr><tr><th>Discipline:<\/th><td><strong>Facultatea de Automatic\u0103 \u0219i Calculatoare:<\/strong><br><a href=\"https:\/\/shiva.pub.ro\/cursuri\/cursuri\/prelucrarea-informatiei-is\/\">Prelucrarea Informa\u021biei<\/a> <a href=\"https:\/\/shiva.pub.ro\/cursuri\/cursuri\/prelucrarea-informatiei-is\/\">(<\/a>aplica\u021bii) &#8211;  Licen\u021b\u0103, An I, Sem. 1<br><a href=\"https:\/\/shiva.pub.ro\/cursuri\/prelucrarea-informatiei\/\">Prelucrarea Informa\u021biei<\/a> (aplica\u021bii) &#8211; Licen\u021b\u0103, An I, Sem. 2<br><a href=\"https:\/\/shiva.pub.ro\/cursuri\/tehnici-de-optimizare\/\">Tehnici de Optimizare<\/a> (aplica\u021bii) &#8211; Licen\u021b\u0103, An II, Sem. 2<br><br><strong>Facultatea de Energetic\u0103:<\/strong> <br><a href=\"https:\/\/shiva.pub.ro\/cursuri\/teoria-reglarii-automate\/\">Teoria Regl\u0103rii Automate<\/a> (aplica\u021bii) &#8211; Licen\u021b\u0103, An III, Sem 1<br><a href=\"https:\/\/shiva.pub.ro\/cursuri\/informatizarea-proceselor-energetice\/\">Informatizarea Proceselor Energetice<\/a> (aplica\u021bii)- Master, An I, Sem. 1<br><a href=\"https:\/\/shiva.pub.ro\/cursuri\/automatizarea-proceselor-energetice\/\">Automatizarea Proceselor Energetice<\/a> (aplica\u021bii) &#8211; Master, An I, Sem. 1<\/td><\/tr><tr><th>Domenii de <br>cercetare:<br><\/th><td>smart buildings, tehnici de inteligen\u021b\u0103 artificial\u0103 aplicate \u00een sisteme electro-energetice, <br>deep learning, machine learning, data analytics, modelare predictiv\u0103, optimizare.<\/td><\/tr><tr><th>Scurt bio:<\/th><td>Cristina Nichiforov a ob\u021binut diploma de licen\u021b\u0103 \u00een anul 2015 \u00een cadrul Universit\u0103\u021bii <br>Politehnica din Bucure\u0219ti, Facultatea de Automatic\u0103 \u0219i Calculatoare, domeniul <br>Ingineria Sistemelor, specializarea Automatic\u0103 \u0219i Informatic\u0103 Aplicat\u0103. \u00cen 2017, <br>a terminat studiile de masterat  \u00een cadrul aceleia\u0219i facult\u0103\u021bi, domeniul Ingineria <br>Sistemelor, specializarea Automatic\u0103 \u0219i Informatic\u0103 Industrial\u0103. Din 2017 este student <br>doctorand \u00een Ingineria Sistemelor \u00een cadrul \u0218colii doctorale de Automatic\u0103 \u0219i Calculatoare,<br> av\u00e2nd tema tezei \u201eSistem de management pentru cl\u0103diri inteligente\u201d. De asemenea, <br>din 2017 este Asistent universitar \u00een cadrul departamentului de Automatic\u0103 \u0219i Informatic\u0103 <br>Industrial\u0103, Facultatea de Automatica \u0219i Calculatoare, Universitatea Politehnica din <br>Bucure\u0219ti.<\/td><\/tr><tr><th>Publica\u021bii:<\/th><td><a href=\"https:\/\/orcid.org\/0000-0003-0876-9845\">ORCID<\/a><br><a href=\"https:\/\/scholar.google.com\/citations?user=-C5repIAAAAJ&amp;hl=ro\">Google Scholar<\/a><\/td><\/tr><\/tbody><\/table>\n\n\n\n<p><\/p>\n","protected":false},"excerpt":{"rendered":"<p>Date contact: Email: cristina.nichiforov@upb.roTel.: +4014029147LinkedIn Discipline: Facultatea de Automatic\u0103 \u0219i Calculatoare:Prelucrarea Informa\u021biei (aplica\u021bii) &#8211; Licen\u021b\u0103, An I, Sem. 1Prelucrarea Informa\u021biei (aplica\u021bii) &#8211; Licen\u021b\u0103, An I, Sem. 2Tehnici de Optimizare (aplica\u021bii) &#8211; Licen\u021b\u0103, An II, Sem. 2 Facultatea de Energetic\u0103: Teoria Regl\u0103rii Automate (aplica\u021bii) &#8211; Licen\u021b\u0103, An III, Sem 1Informatizarea Proceselor Energetice (aplica\u021bii)- Master, An I, [&hellip;]<\/p>\n","protected":false},"author":1,"featured_media":0,"parent":0,"menu_order":0,"comment_status":"closed","ping_status":"closed","template":"","meta":{"jetpack_post_was_ever_published":false},"jetpack_sharing_enabled":true,"jetpack_shortlink":"https:\/\/wp.me\/P3IZHU-YG","_links":{"self":[{"href":"https:\/\/shiva.pub.ro\/en\/wp-json\/wp\/v2\/pages\/3762"}],"collection":[{"href":"https:\/\/shiva.pub.ro\/en\/wp-json\/wp\/v2\/pages"}],"about":[{"href":"https:\/\/shiva.pub.ro\/en\/wp-json\/wp\/v2\/types\/page"}],"author":[{"embeddable":true,"href":"https:\/\/shiva.pub.ro\/en\/wp-json\/wp\/v2\/users\/1"}],"replies":[{"embeddable":true,"href":"https:\/\/shiva.pub.ro\/en\/wp-json\/wp\/v2\/comments?post=3762"}],"version-history":[{"count":21,"href":"https:\/\/shiva.pub.ro\/en\/wp-json\/wp\/v2\/pages\/3762\/revisions"}],"predecessor-version":[{"id":3894,"href":"https:\/\/shiva.pub.ro\/en\/wp-json\/wp\/v2\/pages\/3762\/revisions\/3894"}],"wp:attachment":[{"href":"https:\/\/shiva.pub.ro\/en\/wp-json\/wp\/v2\/media?parent=3762"}],"curies":[{"name":"wp","href":"https:\/\/api.w.org\/{rel}","templated":true}]}}