{"id":360,"date":"2013-05-02T08:28:02","date_gmt":"2013-05-02T08:28:02","guid":{"rendered":"http:\/\/shiva.pub.ro\/?page_id=360"},"modified":"2018-05-16T07:29:44","modified_gmt":"2018-05-16T07:29:44","slug":"sisteme-neliniare-si-esantionate","status":"publish","type":"page","link":"https:\/\/shiva.pub.ro\/en\/cursuri\/sisteme-neliniare-si-esantionate\/","title":{"rendered":"(Rom\u00e2n\u0103) Sisteme neliniare \u015fi e\u015fantionate"},"content":{"rendered":"<p class=\"qtranxs-available-languages-message qtranxs-available-languages-message-en\">Sorry, this entry is only available in <a href=\"https:\/\/shiva.pub.ro\/ro\/wp-json\/wp\/v2\/pages\/360\" class=\"qtranxs-available-language-link qtranxs-available-language-link-ro\" title=\"Rom\u00e2n\u0103\">Romanian<\/a>.<\/p>","protected":false},"excerpt":{"rendered":"<p>Sorry, this entry is only available in Romanian.<\/p>\n","protected":false},"author":2,"featured_media":0,"parent":54,"menu_order":0,"comment_status":"closed","ping_status":"open","template":"","meta":{"jetpack_post_was_ever_published":false},"jetpack_sharing_enabled":true,"jetpack_shortlink":"https:\/\/wp.me\/P3IZHU-5O","_links":{"self":[{"href":"https:\/\/shiva.pub.ro\/en\/wp-json\/wp\/v2\/pages\/360"}],"collection":[{"href":"https:\/\/shiva.pub.ro\/en\/wp-json\/wp\/v2\/pages"}],"about":[{"href":"https:\/\/shiva.pub.ro\/en\/wp-json\/wp\/v2\/types\/page"}],"author":[{"embeddable":true,"href":"https:\/\/shiva.pub.ro\/en\/wp-json\/wp\/v2\/users\/2"}],"replies":[{"embeddable":true,"href":"https:\/\/shiva.pub.ro\/en\/wp-json\/wp\/v2\/comments?post=360"}],"version-history":[{"count":18,"href":"https:\/\/shiva.pub.ro\/en\/wp-json\/wp\/v2\/pages\/360\/revisions"}],"predecessor-version":[{"id":3082,"href":"https:\/\/shiva.pub.ro\/en\/wp-json\/wp\/v2\/pages\/360\/revisions\/3082"}],"up":[{"embeddable":true,"href":"https:\/\/shiva.pub.ro\/en\/wp-json\/wp\/v2\/pages\/54"}],"wp:attachment":[{"href":"https:\/\/shiva.pub.ro\/en\/wp-json\/wp\/v2\/media?parent=360"}],"curies":[{"name":"wp","href":"https:\/\/api.w.org\/{rel}","templated":true}]}}