{"id":3549,"date":"2019-03-19T12:01:55","date_gmt":"2019-03-19T12:01:55","guid":{"rendered":"http:\/\/shiva.pub.ro\/?page_id=3549"},"modified":"2022-04-20T10:20:47","modified_gmt":"2022-04-20T10:20:47","slug":"descriere-master","status":"publish","type":"page","link":"https:\/\/shiva.pub.ro\/en\/descriere-master\/","title":{"rendered":"Descriere Master"},"content":{"rendered":"<h1>AUTOMATIC\u0102 \u0218I INFORMATIC\u0102 INDUSTRIAL\u0102<\/h1>\n<h3>Descriere<\/h3>\n<p><a href=\"https:\/\/shiva.pub.ro\/wp-content\/uploads\/2022\/04\/0_Poster-master-AII_2022-1.png\"><img decoding=\"async\" loading=\"lazy\" class=\"wp-image-4840 size-medium alignright\" src=\"https:\/\/shiva.pub.ro\/wp-content\/uploads\/2022\/04\/0_Poster-master-AII_2022-1-215x300.png\" alt=\"\" width=\"215\" height=\"300\" srcset=\"https:\/\/shiva.pub.ro\/wp-content\/uploads\/2022\/04\/0_Poster-master-AII_2022-1-215x300.png 215w, https:\/\/shiva.pub.ro\/wp-content\/uploads\/2022\/04\/0_Poster-master-AII_2022-1-624x870.png 624w, https:\/\/shiva.pub.ro\/wp-content\/uploads\/2022\/04\/0_Poster-master-AII_2022-1.png 668w\" sizes=\"(max-width: 215px) 100vw, 215px\" \/><\/a><a href=\"https:\/\/shiva.pub.ro\/wp-content\/uploads\/2022\/04\/prezentare-master-AII-2022.pdf\">Master AII &#8211; scurta prezentare<\/a><\/p>\n<p><a href=\"https:\/\/shiva.pub.ro\/wp-content\/uploads\/2020\/08\/2020-2021_Plan_de_Invatamant_AII.pdf\">Plan_de_Invatamant_AII<\/a><br \/>\n<a href=\"http:\/\/acs.pub.ro\/admitere\/masterat\/\">Metodologia de admitere<\/a><br \/>\n<a href=\"https:\/\/shiva.pub.ro\/wp-content\/uploads\/2020\/08\/Bibliografie-AII-2020.zip\">Bibliografie AII 2021<\/a><br \/>\n<a href=\"http:\/\/aii.pub.ro\/index.php?option=com_content&amp;view=section&amp;id=7&amp;Itemid=20\">Ultimele informatii pe site-ul departamentului AII<\/a><\/p>\n<p>Programul preg\u0103te\u0219te speciali\u0219ti \u00een domeniul Ingineria Sistemelor, venind din diverse preg\u0103tiri inginere\u0219ti de licen\u021b\u0103, capabili de a utiliza cuno\u015ftin\u0163e \u015ftiin\u0163ifice \u0219i tehnice avansate, de a contribui la progresul tehnologic, economic \u0219i social-cultural al societ\u0103\u0163ii rom\u00e2ne\u015fti \u015fi al lumii avansate. \u00cen particular, programul are drept misiune dob\u00e2ndirea de cuno\u0219tin\u021be tehnice avansate \u00een domeniul informaticii industriale, programarea, exploatarea \u0219i mentenan\u021ba sistemelor informatice, de control \u0219i comunica\u021bie \u00een procesele industriale, participarea inovativ-creatoare la proiecte de cercetare, preg\u0103tirea practic\u0103 al\u0103turi de firme consacrate.<\/p>\n<h3>Relevan\u021b\u0103 pentru pia\u021ba muncii<\/h3>\n<p>Cuno\u0219tin\u021bele acumulate pe parcursul programului de masterat AII de analiz\u0103 de sistem, proiectare, implementare, testare \u0219i diagnoz\u0103 a sistemelor de conducere informatice, de control, comunica\u021bie \u0219i monitorizare constituie o baza solid\u0103 \u00een vederea angaj\u0103rii \u00een domeniul industrial sau al cercet\u0103rii \u0219i dezvolt\u0103rii.<\/p>\n<h3>Cuno\u0219tin\u021be necesare<\/h3>\n<p>Bazele analizei \u0219i proiect\u0103rii sistemelor informatice, bazele regl\u0103rii automate, echipamente\u00a0 pentru conducerea proceselor, stocarea \u0219i procesarea informa\u021biei.<\/p>\n<h3>Competen\u021be \u0219i abilit\u0103\u021bi dob\u00e2ndite<\/h3>\n<p>Operarea cu concepte \u0219i metode \u0219tiin\u021bifice, inginere\u0219ti \u0219i ale sistemelor informatice \u00een domenii interdisciplinare; Proiectarea sistemelor informatice \u00eentr-un concept integrat (hardware, software, manware \u0219i orgware); Solu\u021bionarea problemelor folosind instrumentele \u0219tiin\u021bei \u0219i ingineriei sistemelor; Evaluarea \u0219i \u00eembun\u0103t\u0103\u021birea performan\u021belor sistemelor de conducere, \u00een particular a sistemelor de reglare automata; Proiectarea, gestionarea ciclului de via\u021b\u0103, integrarea \u0219i integritatea sistemelor de conducere; Abilit\u0103\u021bi de proiectare, implementare \u0219i diagnoz\u0103 a sistemelor de automatizare.<\/p>\n<h3>Materii<\/h3>\n<p><strong>Sem 1:<\/strong> Tehnici avansate de conducere a proceselor, Instrumentatie de proces in sisteme informatice\/ Sisteme inteligente de masura, Complemente de teoria sistemelor si semnalelor\/ Tehnici avansate de identificare, modelare \u015fi simulare, Modelarea si simularea sistemelor cu evenimente discrete, Cercetare.<br \/>\n<strong>Sem 2:<\/strong> Sisteme SCADA pentru procese industriale, Sisteme expert, Actionari reglabile si elemente de executie, Diagnoza sistemelor tehnice , Cercetare.<br \/>\n<strong>Sem 3<\/strong>: Managementul proiectelor de cercetare, Sisteme Multi-Agent pentru Controlul Intreprinderii, Sisteme Informatice in Industria Chimica si Biochimica, Sisteme Informatice in Energetica, Cercetare.<br \/>\n<strong>Sem 4:<\/strong> Cercetare, Elaborare proiect diserta\u021bie.<\/p>\n<h3>Limbaje de programare \u0219i tehnologii folosite<\/h3>\n<p>Tia Portal, WinCC, LabView, EPLAN, LOGO! Soft Confort, Matlab\/Simulink, , XSOFT-CODESYS, Galileo,PC Worx, Siemens STARTER, CX-Drive.<\/p>\n<h3>Teme de cercetare (exemple)<\/h3>\n<p>Analiza \u0219i proiectarea sistemelor informatice industriale: Sistem de conducere numeric\u0103 a unei sta\u021bii electrice; Automatizarea unei centrale electrice; Sistem de comanda automat\u0103 a substemului HVAC intr-o cladire inteligent\u0103; Eficien\u021ba energetic\u0103 \u00een cl\u0103diri cu sisteme BMS (Building Management Systems); Sistem de monitorizarea \u0219i comand\u0103 automat\u0103 a unui proces industrial de fabrica\u021bie; Sistem de comanda vectoriala a motoarelor asincrone; Sisteme numerice destinate cre\u0219terii stabilit\u0103\u021bii sistemelor; Sisteme de tip Smartgrid; Cyber-Physical Systems; Diagnoza sistemelor tehnice industriale: Sistem de asistenta rutiera pentru autovehicule; Detectia si diagnoza defectelor pentru procese industriale.<\/p>\n<h3>Alte informa\u021bii<\/h3>\n<p><strong>Limba de predare:<\/strong> rom\u00e2n\u0103<br \/>\n<strong>Companii partenere:<\/strong> ASTI Automation, EATON, Eplan, Festo, Honeywell Romania, Phoenix Contact, Rittal, Siemens, Yokogawa, Transelectrica.<\/p>\n<h3><strong><a href=\"https:\/\/www.linkedin.com\/groups\/5096832\/\">Grup alumni AII<\/a><\/strong><\/h3>\n<p>Acreditare: <a href=\"https:\/\/shiva.pub.ro\/wp-content\/uploads\/2020\/08\/INSEED-Aviz-de-validare-AII.pdf\">Aviz de validare a calific\u0103rii masterului interdisciplinar Automatic\u0103 \u0219i Informatic\u0103 Industrial\u0103 (AII)<\/a><\/p>\n<p><strong>Coordonatori:<\/strong><br \/>\nProf. Dr. Ing. Sergiu Stelian Iliescu &#8211; sergiu.iliescu[at]upb.ro<br \/>\nProf. Dr. Ing. Ioana Fagarasan &#8211; ioana.fagarasan[at]upb.ro<\/p>\n<p><strong>Echipa:<\/strong><br \/>\nConf. dr.ing. Nicoleta Arghira &#8211; nicoleta.arghira[at]upb.ro<br \/>\nConf. dr.ing. Iulia Stamatescu &#8211; iulia.stamatescu[at]upb.ro<br \/>\nConf. dr.ing. Grigore Stamatescu &#8211; grigore.stamatescu[at]upb.ro<br \/>\nSl. dr.ing. Vasile Calofir &#8211; vasile.calofir[at]upb.ro<\/p>\n","protected":false},"excerpt":{"rendered":"<p>AUTOMATIC\u0102 \u0218I INFORMATIC\u0102 INDUSTRIAL\u0102 Descriere Master AII &#8211; scurta prezentare Plan_de_Invatamant_AII Metodologia de admitere Bibliografie AII 2021 Ultimele informatii pe site-ul departamentului AII Programul preg\u0103te\u0219te speciali\u0219ti \u00een domeniul Ingineria Sistemelor, venind din diverse preg\u0103tiri inginere\u0219ti de licen\u021b\u0103, capabili de a utiliza cuno\u015ftin\u0163e \u015ftiin\u0163ifice \u0219i tehnice avansate, de a contribui la progresul tehnologic, economic \u0219i social-cultural [&hellip;]<\/p>\n","protected":false},"author":1,"featured_media":0,"parent":0,"menu_order":0,"comment_status":"closed","ping_status":"closed","template":"","meta":{"jetpack_post_was_ever_published":false},"jetpack_sharing_enabled":true,"jetpack_shortlink":"https:\/\/wp.me\/P3IZHU-Vf","_links":{"self":[{"href":"https:\/\/shiva.pub.ro\/en\/wp-json\/wp\/v2\/pages\/3549"}],"collection":[{"href":"https:\/\/shiva.pub.ro\/en\/wp-json\/wp\/v2\/pages"}],"about":[{"href":"https:\/\/shiva.pub.ro\/en\/wp-json\/wp\/v2\/types\/page"}],"author":[{"embeddable":true,"href":"https:\/\/shiva.pub.ro\/en\/wp-json\/wp\/v2\/users\/1"}],"replies":[{"embeddable":true,"href":"https:\/\/shiva.pub.ro\/en\/wp-json\/wp\/v2\/comments?post=3549"}],"version-history":[{"count":21,"href":"https:\/\/shiva.pub.ro\/en\/wp-json\/wp\/v2\/pages\/3549\/revisions"}],"predecessor-version":[{"id":4843,"href":"https:\/\/shiva.pub.ro\/en\/wp-json\/wp\/v2\/pages\/3549\/revisions\/4843"}],"wp:attachment":[{"href":"https:\/\/shiva.pub.ro\/en\/wp-json\/wp\/v2\/media?parent=3549"}],"curies":[{"name":"wp","href":"https:\/\/api.w.org\/{rel}","templated":true}]}}