{"id":3512,"date":"2019-03-19T11:07:27","date_gmt":"2019-03-19T11:07:27","guid":{"rendered":"http:\/\/shiva.pub.ro\/?page_id=3512"},"modified":"2022-04-20T10:24:10","modified_gmt":"2022-04-20T10:24:10","slug":"descriere-master-2","status":"publish","type":"page","link":"https:\/\/shiva.pub.ro\/en\/descriere-master-2\/","title":{"rendered":"Master AII"},"content":{"rendered":"<h1><strong>Master Automatic\u0103 \u0219i Informatic\u0103 Industrial\u0103 (AII)<\/strong><\/h1>\n<p>Programul de studii universitare de masterat \u201c<strong>Automatic\u0103 \u0219i Informatic\u0103 Industrial\u0103<\/strong>\u201d preg\u0103te\u0219te speciali\u0219ti \u00een domeniul Ingineria Sistemelor, venind din diverse preg\u0103tiri inginere\u0219ti de licen\u021b\u0103, capabili de a utiliza cuno\u015ftin\u0163e \u015ftiin\u0163ifice \u0219i tehnice avansate, de a contribui la progresul tehnologic, economic \u0219i social-cultural al societ\u0103\u0163ii rom\u00e2ne\u015fti \u015fi al lumii avansate. <strong>\u00cen particular, programul are drept misiune dob\u00e2ndirea de cuno\u0219tin\u021be tehnice avansate \u00een domeniul informaticii industriale, programarea, exploatarea \u0219i mentenan\u021ba sistemelor informatice, de control \u0219i comunica\u021bie \u00een procesele industriale, participarea inovativ-creatoare la proiecte de cercetare, preg\u0103tirea practic\u0103 al\u0103turi de firme consacrate.<\/strong><a href=\"https:\/\/shiva.pub.ro\/descriere-master\/\"><img decoding=\"async\" loading=\"lazy\" class=\"aligncenter wp-image-3595 size-medium\" src=\"https:\/\/shiva.pub.ro\/wp-content\/uploads\/2019\/08\/poster_master_AII-215x300.png\" alt=\"\" width=\"215\" height=\"300\" srcset=\"https:\/\/shiva.pub.ro\/wp-content\/uploads\/2019\/08\/poster_master_AII-215x300.png 215w, https:\/\/shiva.pub.ro\/wp-content\/uploads\/2019\/08\/poster_master_AII.png 431w\" sizes=\"(max-width: 215px) 100vw, 215px\" \/><\/a><\/p>\n","protected":false},"excerpt":{"rendered":"<p>Master Automatic\u0103 \u0219i Informatic\u0103 Industrial\u0103 (AII) Programul de studii universitare de masterat \u201cAutomatic\u0103 \u0219i Informatic\u0103 Industrial\u0103\u201d preg\u0103te\u0219te speciali\u0219ti \u00een domeniul Ingineria Sistemelor, venind din diverse preg\u0103tiri inginere\u0219ti de licen\u021b\u0103, capabili de a utiliza cuno\u015ftin\u0163e \u015ftiin\u0163ifice \u0219i tehnice avansate, de a contribui la progresul tehnologic, economic \u0219i social-cultural al societ\u0103\u0163ii rom\u00e2ne\u015fti \u015fi al lumii avansate. \u00cen [&hellip;]<\/p>\n","protected":false},"author":1,"featured_media":0,"parent":0,"menu_order":0,"comment_status":"closed","ping_status":"closed","template":"","meta":{"jetpack_post_was_ever_published":false},"jetpack_sharing_enabled":true,"jetpack_shortlink":"https:\/\/wp.me\/P3IZHU-UE","_links":{"self":[{"href":"https:\/\/shiva.pub.ro\/en\/wp-json\/wp\/v2\/pages\/3512"}],"collection":[{"href":"https:\/\/shiva.pub.ro\/en\/wp-json\/wp\/v2\/pages"}],"about":[{"href":"https:\/\/shiva.pub.ro\/en\/wp-json\/wp\/v2\/types\/page"}],"author":[{"embeddable":true,"href":"https:\/\/shiva.pub.ro\/en\/wp-json\/wp\/v2\/users\/1"}],"replies":[{"embeddable":true,"href":"https:\/\/shiva.pub.ro\/en\/wp-json\/wp\/v2\/comments?post=3512"}],"version-history":[{"count":12,"href":"https:\/\/shiva.pub.ro\/en\/wp-json\/wp\/v2\/pages\/3512\/revisions"}],"predecessor-version":[{"id":4845,"href":"https:\/\/shiva.pub.ro\/en\/wp-json\/wp\/v2\/pages\/3512\/revisions\/4845"}],"wp:attachment":[{"href":"https:\/\/shiva.pub.ro\/en\/wp-json\/wp\/v2\/media?parent=3512"}],"curies":[{"name":"wp","href":"https:\/\/api.w.org\/{rel}","templated":true}]}}