{"id":199,"date":"2013-05-01T17:50:32","date_gmt":"2013-05-01T17:50:32","guid":{"rendered":"http:\/\/shiva.pub.ro\/?page_id=199"},"modified":"2018-05-08T08:29:17","modified_gmt":"2018-05-08T08:29:17","slug":"analiza-sistemelor-informatice","status":"publish","type":"page","link":"https:\/\/shiva.pub.ro\/en\/cursuri\/analiza-sistemelor-informatice\/","title":{"rendered":"(Rom\u00e2n\u0103) Analiza si Proiectarea Sistemelor Informatice Industriale (Analiza Sistemelor Informatice)"},"content":{"rendered":"<p><em>Obiectivul cursului<b> <\/b><\/em>Disciplina \u00ee\u015fi propune s\u0103 prezinte strategiile, metodele, tehnicile \u015fi instrumentele de realizare a unei aplica\u021bii informatice \u00een conexiune cu toate celelalte discipline tehnologice de automatic\u0103 \u015fi calculatoare. Sunt prezentate at\u00e2t aspectele teoretice c\u00e2t \u015fi cele practice ale implement\u0103rii sistemelor informatice. <em>Con\u0163inutul tematic<\/em><\/p>\n<ul>\n<li>Aplica\u021biile informatice. Terminologie. Domenii de aplicabilitate.<\/li>\n<li>Principii generale de realizare a sistemelor informatice. Etapele de realizare a sistemelor (aplicatiilor) informatice \u015fi a produselor program. Evolu\u021bia sistemelor informatice.<\/li>\n<li>Tehnologia de realizare a unui produs informatic. Strategii de concepere a unui sistem informatic. Strategii de abordare a procesului de realizare a unui aplica\u021bii informatice sau produs-program. Metode de realizare a unui produs informatic (Top- down; Outside &#8211; in; Inside &#8211; out; Bottom- up; Mest &#8211; critical &#8211; component &#8211; first). Tehnici de realizare a unui produs informatic (Interviuri; Chestionarul; Studiul documentar; Analiza diagnostic; Tabele de decizie; HIPO).<\/li>\n<li>Aspecte privind aplicarea metodelor de realizare a unui produs informatic. Subsistemele constituente ale unui sistem informatic. Performan\u021bele unui sistem informatic. Integrarea sistemului informatic in sistemul obiect.<\/li>\n<li>Cadrul tehnologic de realizare a unui sistem informatic. Elaborarea temei de realizare. Proiectarea de ansamblu. Integrare si testare. Aspecte privind sistemul de management (IMS) al informatiei.<\/li>\n<\/ul>\n<p><em>Materiale aferente cursului<\/em><\/p>\n<ul>\n<li><a href=\"http:\/\/shiva.pub.ro\/new\/wp-content\/uploads\/2013\/05\/CURS1_ASSI_2005.pdf\">Curs 1:<\/a>\u00a0Considera\u021bii privind aplica\u021biile informatice. Terminologie.<\/li>\n<li><a href=\"http:\/\/shiva.pub.ro\/new\/wp-content\/uploads\/2013\/05\/CURS2_ASSI_2005.pdf\">Curs 2:<\/a>\u00a0Principii generale de realizare a produselor informatice.<\/li>\n<li><a href=\"http:\/\/shiva.pub.ro\/new\/wp-content\/uploads\/2013\/05\/CURS3_ASSI_2005.pdf\">Curs 3:<\/a>\u00a0Strategii de concepere \u015fi realizare a produselor informatice.<\/li>\n<li><a href=\"http:\/\/shiva.pub.ro\/new\/wp-content\/uploads\/2013\/05\/CURS4_5_ASSI_2005.pdf\">Curs 4 \u015fi 5:<\/a>\u00a0Tehnicii \u015fi metode de concepere \u015fi realizare a produselor informatice.<\/li>\n<li><a href=\"http:\/\/shiva.pub.ro\/new\/wp-content\/uploads\/2013\/05\/CURS6_ASSI_2005.pdf\">Curs 6:<\/a>\u00a0Metode de management al proiectului.<\/li>\n<li><a href=\"http:\/\/shiva.pub.ro\/new\/wp-content\/uploads\/2013\/05\/CURS7_8_ASSI_2005.pdf\">Curs 7 \u015fi 8:<\/a>\u00a0Cadrul tehnologic de realizare \u015fi \u00eentre\u021binere a sistemelor informatice.<\/li>\n<li><a href=\"http:\/\/shiva.pub.ro\/new\/wp-content\/uploads\/2013\/05\/CURS9_10_ASSI_2005.pdf\">Curs 9 \u015fi 10:<\/a>\u00a0Aspecte privind sistemul de management al informatiei (MIS) \u015fi al procesului de productie (MES)<\/li>\n<li><a href=\"http:\/\/shiva.pub.ro\/new\/wp-content\/uploads\/2013\/05\/CURS_11_ASSI_2005.pdf\">Curs 11:<\/a>\u00a0Sisteme informatice destinate conducerii sistemului energetic national (SEN).<\/li>\n<li><a href=\"http:\/\/shiva.pub.ro\/new\/wp-content\/uploads\/2013\/05\/Anexa_lab_ASSI.pdf\">Anexa laborator <\/a><\/li>\n<\/ul>\n<p><em>Materiale aferente laboratorului<\/em><\/p>\n<ul>\n<li><a href=\"http:\/\/shiva.pub.ro\/new\/wp-content\/uploads\/2013\/05\/Manual-Shoop.pdf\">Documentatie echipament didactic reglare nivel, debit, temperatura<\/a><\/li>\n<li><a href=\"http:\/\/shiva.pub.ro\/new\/wp-content\/uploads\/2013\/05\/Prezentare-laborator-didactic.pdf\">Prezentare laborator didactic<\/a><\/li>\n<li><a href=\"http:\/\/shiva.pub.ro\/new\/wp-content\/uploads\/2013\/05\/s71200-Manual.pdf\">S7-1200 Manual<\/a><\/li>\n<li><a href=\"http:\/\/shiva.pub.ro\/new\/wp-content\/uploads\/2013\/05\/Shoop-Fluid-flow-modeling.pdf\">Shoop-Fluid flow modeling<\/a><\/li>\n<li><a href=\"http:\/\/shiva.pub.ro\/new\/wp-content\/uploads\/2013\/05\/Shoop-Mathematical-modeling-of-fluid-and-thermal-systems.pdf\">Shoop-Mathematical modeling of fluid and thermal systems<\/a><\/li>\n<li><a href=\"http:\/\/shiva.pub.ro\/new\/wp-content\/uploads\/2013\/05\/Tema-de-laborator-ASI-2013.pdf\">Tema de laborator ASI 2013<\/a><\/li>\n<li><a href=\"http:\/\/shiva.pub.ro\/new\/wp-content\/uploads\/2013\/05\/instructiuni-s7-1200-hmi-nivel.pdf\">Reglarea nivelului informatii generale<\/a><\/li>\n<li><a href=\"http:\/\/shiva.pub.ro\/new\/wp-content\/uploads\/2013\/05\/Teme-referate-ASI-2013.pdf\">Teme referate ASI 2013<\/a><\/li>\n<\/ul>\n<p><\/p>","protected":false},"excerpt":{"rendered":"<p>Obiectivul cursului Disciplina \u00ee\u015fi propune s\u0103 prezinte strategiile, metodele, tehnicile \u015fi instrumentele de realizare a unei aplica\u021bii informatice \u00een conexiune cu toate celelalte discipline tehnologice de automatic\u0103 \u015fi calculatoare. Sunt prezentate at\u00e2t aspectele teoretice c\u00e2t \u015fi cele practice ale implement\u0103rii sistemelor informatice. Con\u0163inutul tematic Aplica\u021biile informatice. Terminologie. Domenii de aplicabilitate. Principii generale de realizare a [&hellip;]<\/p>\n","protected":false},"author":2,"featured_media":0,"parent":54,"menu_order":0,"comment_status":"closed","ping_status":"open","template":"","meta":{"jetpack_post_was_ever_published":false},"jetpack_sharing_enabled":true,"jetpack_shortlink":"https:\/\/wp.me\/P3IZHU-3d","_links":{"self":[{"href":"https:\/\/shiva.pub.ro\/en\/wp-json\/wp\/v2\/pages\/199"}],"collection":[{"href":"https:\/\/shiva.pub.ro\/en\/wp-json\/wp\/v2\/pages"}],"about":[{"href":"https:\/\/shiva.pub.ro\/en\/wp-json\/wp\/v2\/types\/page"}],"author":[{"embeddable":true,"href":"https:\/\/shiva.pub.ro\/en\/wp-json\/wp\/v2\/users\/2"}],"replies":[{"embeddable":true,"href":"https:\/\/shiva.pub.ro\/en\/wp-json\/wp\/v2\/comments?post=199"}],"version-history":[{"count":28,"href":"https:\/\/shiva.pub.ro\/en\/wp-json\/wp\/v2\/pages\/199\/revisions"}],"predecessor-version":[{"id":3076,"href":"https:\/\/shiva.pub.ro\/en\/wp-json\/wp\/v2\/pages\/199\/revisions\/3076"}],"up":[{"embeddable":true,"href":"https:\/\/shiva.pub.ro\/en\/wp-json\/wp\/v2\/pages\/54"}],"wp:attachment":[{"href":"https:\/\/shiva.pub.ro\/en\/wp-json\/wp\/v2\/media?parent=199"}],"curies":[{"name":"wp","href":"https:\/\/api.w.org\/{rel}","templated":true}]}}