{"id":188,"date":"2013-05-01T17:27:30","date_gmt":"2013-05-01T17:27:30","guid":{"rendered":"http:\/\/shiva.pub.ro\/?page_id=188"},"modified":"2022-04-20T08:40:56","modified_gmt":"2022-04-20T08:40:56","slug":"masteraii","status":"publish","type":"page","link":"https:\/\/shiva.pub.ro\/en\/cursuri\/masteraii\/","title":{"rendered":"(Rom\u00e2n\u0103) Master Automatic\u0103 \u0219i Informatic\u0103 Industrial\u0103 (AII)"},"content":{"rendered":"<p class=\"qtranxs-available-languages-message qtranxs-available-languages-message-en\">Sorry, this entry is only available in <a href=\"https:\/\/shiva.pub.ro\/ro\/wp-json\/wp\/v2\/pages\/188\" class=\"qtranxs-available-language-link qtranxs-available-language-link-ro\" title=\"Rom\u00e2n\u0103\">Romanian<\/a>.<\/p>","protected":false},"excerpt":{"rendered":"<p>Sorry, this entry is only available in Romanian.<\/p>\n","protected":false},"author":1,"featured_media":4466,"parent":54,"menu_order":2,"comment_status":"closed","ping_status":"open","template":"","meta":{"jetpack_post_was_ever_published":false},"jetpack_sharing_enabled":true,"jetpack_shortlink":"https:\/\/wp.me\/P3IZHU-32","_links":{"self":[{"href":"https:\/\/shiva.pub.ro\/en\/wp-json\/wp\/v2\/pages\/188"}],"collection":[{"href":"https:\/\/shiva.pub.ro\/en\/wp-json\/wp\/v2\/pages"}],"about":[{"href":"https:\/\/shiva.pub.ro\/en\/wp-json\/wp\/v2\/types\/page"}],"author":[{"embeddable":true,"href":"https:\/\/shiva.pub.ro\/en\/wp-json\/wp\/v2\/users\/1"}],"replies":[{"embeddable":true,"href":"https:\/\/shiva.pub.ro\/en\/wp-json\/wp\/v2\/comments?post=188"}],"version-history":[{"count":44,"href":"https:\/\/shiva.pub.ro\/en\/wp-json\/wp\/v2\/pages\/188\/revisions"}],"predecessor-version":[{"id":4838,"href":"https:\/\/shiva.pub.ro\/en\/wp-json\/wp\/v2\/pages\/188\/revisions\/4838"}],"up":[{"embeddable":true,"href":"https:\/\/shiva.pub.ro\/en\/wp-json\/wp\/v2\/pages\/54"}],"wp:featuredmedia":[{"embeddable":true,"href":"https:\/\/shiva.pub.ro\/en\/wp-json\/wp\/v2\/media\/4466"}],"wp:attachment":[{"href":"https:\/\/shiva.pub.ro\/en\/wp-json\/wp\/v2\/media?parent=188"}],"curies":[{"name":"wp","href":"https:\/\/api.w.org\/{rel}","templated":true}]}}