{"id":187,"date":"2013-05-01T17:26:46","date_gmt":"2013-05-01T17:26:46","guid":{"rendered":"http:\/\/shiva.pub.ro\/?page_id=187"},"modified":"2021-07-01T10:34:59","modified_gmt":"2021-07-01T10:34:59","slug":"baza-materiala","status":"publish","type":"page","link":"https:\/\/shiva.pub.ro\/en\/cursuri\/baza-materiala\/","title":{"rendered":"(Rom\u00e2n\u0103) Baza material\u0103"},"content":{"rendered":"<p class=\"qtranxs-available-languages-message qtranxs-available-languages-message-en\">Sorry, this entry is only available in <a href=\"https:\/\/shiva.pub.ro\/ro\/wp-json\/wp\/v2\/pages\/187\" class=\"qtranxs-available-language-link qtranxs-available-language-link-ro\" title=\"Rom\u00e2n\u0103\">Romanian<\/a>.<\/p>","protected":false},"excerpt":{"rendered":"<p>Sorry, this entry is only available in Romanian.<\/p>\n","protected":false},"author":1,"featured_media":0,"parent":54,"menu_order":0,"comment_status":"closed","ping_status":"open","template":"","meta":{"jetpack_post_was_ever_published":false},"jetpack_sharing_enabled":true,"jetpack_shortlink":"https:\/\/wp.me\/P3IZHU-31","_links":{"self":[{"href":"https:\/\/shiva.pub.ro\/en\/wp-json\/wp\/v2\/pages\/187"}],"collection":[{"href":"https:\/\/shiva.pub.ro\/en\/wp-json\/wp\/v2\/pages"}],"about":[{"href":"https:\/\/shiva.pub.ro\/en\/wp-json\/wp\/v2\/types\/page"}],"author":[{"embeddable":true,"href":"https:\/\/shiva.pub.ro\/en\/wp-json\/wp\/v2\/users\/1"}],"replies":[{"embeddable":true,"href":"https:\/\/shiva.pub.ro\/en\/wp-json\/wp\/v2\/comments?post=187"}],"version-history":[{"count":33,"href":"https:\/\/shiva.pub.ro\/en\/wp-json\/wp\/v2\/pages\/187\/revisions"}],"predecessor-version":[{"id":4705,"href":"https:\/\/shiva.pub.ro\/en\/wp-json\/wp\/v2\/pages\/187\/revisions\/4705"}],"up":[{"embeddable":true,"href":"https:\/\/shiva.pub.ro\/en\/wp-json\/wp\/v2\/pages\/54"}],"wp:attachment":[{"href":"https:\/\/shiva.pub.ro\/en\/wp-json\/wp\/v2\/media?parent=187"}],"curies":[{"name":"wp","href":"https:\/\/api.w.org\/{rel}","templated":true}]}}